{"id":7773,"date":"2018-07-02T19:22:54","date_gmt":"2018-07-02T19:22:54","guid":{"rendered":"http:\/\/auberge-du-cedre.com\/bons-cadeaux\/"},"modified":"2025-11-25T11:39:03","modified_gmt":"2025-11-25T10:39:03","slug":"geschenkgutscheine","status":"publish","type":"page","link":"https:\/\/auberge-du-cedre.com\/de\/geschenkgutscheine\/","title":{"rendered":"Geschenkgutscheine"},"content":{"rendered":"<div class=\"wpb-content-wrapper\"><p>[vc_row full_width=&#8220;stretch_row_content_no_spaces&#8220;][vc_column width=&#8220;1\/4&#8243;][vc_single_image image=&#8220;7056&#8243; img_size=&#8220;300*205&#8243; alignment=&#8220;center&#8220; css=&#8220;.vc_custom_1544461374312{padding-top: 30px !important;padding-left: 50px !important;}&#8220;][\/vc_column][vc_column width=&#8220;3\/4&#8243;][vc_column_text css=&#8220;.vc_custom_1540152180458{padding-right: 50px !important;padding-left: 50px !important;}&#8220;]<\/p>\n<h1><span style=\"color: #808080; font-size: 2.2rem;\">unsere Geschenkgutscheine<br \/>\n<\/span><\/h1>\n<p>Was auch immer der Anlass ist, suchen Sie nicht weiter: wir bieten Ihnen &#8222;hausgemachte&#8220; Geschenke zum Leben, zum Probieren, zum Geniessen &#8211; einfach aussuchen!<\/p>\n<p>Nach Erhalt Ihrer Anfrage und der Zahlung per \u00dcberweisung oder Kreditkarte (wir senden Ihnen einen sicheren Zahlungslink), erstellen wir den Gutschein auf den Namen der Empf\u00e4nger und senden ihn per E-Mail oder Post.[\/vc_column_text][\/vc_column][\/vc_row][vc_row full_width=&#8220;stretch_row_content_no_spaces&#8220; equal_height=&#8220;yes&#8220;][vc_column width=&#8220;1\/5&#8243; offset=&#8220;vc_col-lg-1\/5 vc_col-md-1\/5 vc_hidden-sm vc_col-xs-12 vc_hidden-xs&#8220;][vc_single_image image=&#8220;3705&#8243; alignment=&#8220;center&#8220;][vc_column_text css=&#8220;.vc_custom_1764067010847{padding-right: 30px !important;padding-left: 50px !important;}&#8220;]<\/p>\n<h2>T\u00eate \u00e0 t\u00eate<\/h2>\n<p>1 Tartinette zum Teilen geschenkt<\/p>\n<p>1 Aperitif<br \/>\n1 Saison-Men\u00fc<br \/>\n1 Gl\u00e4ser Wein<\/p>\n<p>1 Kaffee<\/p>\n<p>( pro Person)[\/vc_column_text][\/vc_column][vc_column width=&#8220;1\/5&#8243; offset=&#8220;vc_col-lg-1\/5 vc_col-md-1\/5 vc_hidden-sm vc_col-xs-12 vc_hidden-xs&#8220;][vc_single_image image=&#8220;3709&#8243; alignment=&#8220;center&#8220;][vc_column_text css=&#8220;.vc_custom_1732027015027{margin-bottom: 0px !important;border-bottom-width: 0px !important;padding-right: 50px !important;padding-bottom: 20px !important;padding-left: 50px !important;}&#8220;]<\/p>\n<h2>Wochenende im Zedernwald<\/h2>\n<p style=\"text-align: left;\">1 T\u00eate \u00e0 t\u00eate,<br \/>\n1 Nacht im Doppelzimmer,<br \/>\nFr\u00fchst\u00fccksb\u00fcffet<br \/>\n(ausser Hauptsaison)<\/p>\n<p>[\/vc_column_text][\/vc_column][vc_column width=&#8220;1\/5&#8243; offset=&#8220;vc_col-lg-1\/5 vc_col-md-1\/5 vc_hidden-sm vc_col-xs-12 vc_hidden-xs&#8220;][vc_single_image image=&#8220;3857&#8243; alignment=&#8220;center&#8220;][vc_column_text css=&#8220;.vc_custom_1731596143238{padding-right: 50px !important;padding-left: 50px !important;}&#8220;]<\/p>\n<h2>Schnupper-Aufenthalt<\/h2>\n<p style=\"text-align: left;\">2 \u00dcbernachtungen in Halbpension<br \/>\nim Doppelzimmer<br \/>\n(ausser Hauptsaison)<\/p>\n<p>[\/vc_column_text][\/vc_column][vc_column width=&#8220;1\/5&#8243; offset=&#8220;vc_col-lg-1\/5 vc_col-md-1\/5 vc_hidden-sm vc_col-xs-12 vc_hidden-xs&#8220;][vc_single_image image=&#8220;30927&#8243; alignment=&#8220;center&#8220;][vc_column_text css=&#8220;.vc_custom_1702645667441{padding-right: 50px !important;padding-left: 50px !important;}&#8220;]<\/p>\n<h2>Vintage-Luxus<\/h2>\n<p style=\"text-align: left;\">Das ganz besondere Geschenk: ein Aufenthalt in unseren traumhaften amerikanischen Vintage-Caravans.<br \/>\n2 \u00dcbernachtungen f\u00fcr zwei mit Fr\u00fchst\u00fccksb\u00fcffet<\/p>\n<p>[\/vc_column_text][\/vc_column][vc_column width=&#8220;1\/5&#8243; offset=&#8220;vc_col-lg-1\/5 vc_col-md-1\/5 vc_hidden-sm vc_hidden-xs&#8220;][vc_single_image image=&#8220;3693&#8243; alignment=&#8220;center&#8220;][vc_column_text css=&#8220;.vc_custom_1540154005992{padding-right: 50px !important;padding-left: 50px !important;}&#8220;]<\/p>\n<h2>Freies Geschenk<\/h2>\n<p style=\"text-align: left;\">Geschenkgutschein mit frei w\u00e4hlbarem Betrag, anrechenbar auf alle Angebote der Auberge.<br \/>\nSie entscheiden!<\/p>\n<p>[\/vc_column_text][\/vc_column][\/vc_row][vc_row full_width=&#8220;stretch_row_content_no_spaces&#8220; equal_height=&#8220;yes&#8220;][vc_column width=&#8220;1\/5&#8243; offset=&#8220;vc_col-lg-1\/5 vc_col-md-1\/5 vc_hidden-sm vc_col-xs-12 vc_hidden-xs&#8220;][vc_btn title=&#8220;99 \u20ac f\u00fcr 2 Personen&#8220; style=&#8220;outline&#8220; color=&#8220;warning&#8220; align=&#8220;left&#8220; i_icon_fontawesome=&#8220;fas fa-gift&#8220; css=&#8220;.vc_custom_1702983008139{padding-left: 50px !important;}&#8220; add_icon=&#8220;true&#8220; link=&#8220;url:https%3A%2F%2Fauberge-du-cedre.com%2Fde%2Fgeschenkgutschein-bestellung%2F|||&#8220;][vc_column_text css=&#8220;.vc_custom_1732026876795{margin-bottom: 0px !important;border-bottom-width: 0px !important;padding-right: 50px !important;padding-bottom: 15px !important;padding-left: 50px !important;}&#8220;]<\/p>\n<h2>Schlemmer T\u00eate \u00e0 t\u00eate<\/h2>\n<p style=\"text-align: left;\">T\u00eate \u00e0 t\u00eate mit K\u00e4seplatte<br \/>\n&#8230;<\/p>\n<p>[\/vc_column_text][vc_btn title=&#8220;119 \u20ac f\u00fcr 2 Personen&#8220; style=&#8220;outline&#8220; color=&#8220;warning&#8220; align=&#8220;left&#8220; i_icon_fontawesome=&#8220;fas fa-gift&#8220; css=&#8220;.vc_custom_1732026422368{margin-top: 0px !important;border-top-width: 0px !important;padding-top: 0px !important;padding-bottom: 25px !important;padding-left: 50px !important;}&#8220; add_icon=&#8220;true&#8220; link=&#8220;url:https%3A%2F%2Fauberge-du-cedre.com%2Fde%2Fgeschenkgutschein-bestellung%2F|||&#8220;][\/vc_column][vc_column width=&#8220;1\/5&#8243; offset=&#8220;vc_col-lg-1\/5 vc_col-md-1\/5 vc_hidden-sm vc_col-xs-12 vc_hidden-xs&#8220;][vc_btn title=&#8220;258 \u20ac f\u00fcr 2 Personen&#8220; style=&#8220;outline&#8220; color=&#8220;warning&#8220; align=&#8220;left&#8220; i_icon_fontawesome=&#8220;fas fa-gift&#8220; css=&#8220;.vc_custom_1764067023179{padding-left: 50px !important;}&#8220; add_icon=&#8220;true&#8220; link=&#8220;url:https%3A%2F%2Fauberge-du-cedre.com%2Fde%2Fgeschenkgutschein-bestellung%2F|||&#8220;][vc_column_text css=&#8220;.vc_custom_1732027156010{margin-bottom: 0px !important;border-bottom-width: 0px !important;padding-right: 50px !important;padding-bottom: 15px !important;padding-left: 50px !important;}&#8220;]<\/p>\n<p style=\"text-align: left;\">+ eine Flasche Wein passend zum Men\u00fc<\/p>\n<p>(in einer Auswahl aus unserer Weinkarte)[\/vc_column_text][vc_btn title=&#8220;296 \u20ac f\u00fcr 2 Personen&#8220; style=&#8220;outline&#8220; color=&#8220;warning&#8220; align=&#8220;left&#8220; i_icon_fontawesome=&#8220;fas fa-gift&#8220; css=&#8220;.vc_custom_1764067031541{margin-top: 0px !important;border-top-width: 0px !important;padding-top: 0px !important;padding-bottom: 25px !important;padding-left: 50px !important;}&#8220; add_icon=&#8220;true&#8220; link=&#8220;url:https%3A%2F%2Fauberge-du-cedre.com%2Fde%2Fgeschenkgutschein-bestellung%2F|||&#8220;][\/vc_column][vc_column width=&#8220;1\/5&#8243; offset=&#8220;vc_col-lg-1\/5 vc_col-md-1\/5 vc_hidden-sm vc_col-xs-12 vc_hidden-xs&#8220;][vc_btn title=&#8220;382 \u20ac f\u00fcr 2 Personen&#8220; style=&#8220;outline&#8220; color=&#8220;warning&#8220; align=&#8220;left&#8220; i_icon_fontawesome=&#8220;fas fa-gift&#8220; css=&#8220;.vc_custom_1764067044221{padding-left: 50px !important;}&#8220; add_icon=&#8220;true&#8220; link=&#8220;url:https%3A%2F%2Fauberge-du-cedre.com%2Fde%2Fgeschenkgutschein-bestellung%2F|||&#8220;][\/vc_column][vc_column width=&#8220;1\/5&#8243; offset=&#8220;vc_col-lg-1\/5 vc_col-md-1\/5 vc_hidden-sm vc_col-xs-12 vc_hidden-xs&#8220;][vc_btn title=&#8220;363 \u20ac f\u00fcr zwei Personen&#8220; style=&#8220;outline&#8220; color=&#8220;warning&#8220; align=&#8220;left&#8220; i_icon_fontawesome=&#8220;fas fa-gift&#8220; css=&#8220;.vc_custom_1764067055852{padding-left: 50px !important;}&#8220; add_icon=&#8220;true&#8220; link=&#8220;url:https%3A%2F%2Fauberge-du-cedre.com%2Fde%2Fgeschenkgutschein-bestellung%2F|||&#8220;][\/vc_column][vc_column width=&#8220;1\/5&#8243; offset=&#8220;vc_col-lg-1\/5 vc_col-md-1\/5 vc_hidden-sm vc_hidden-xs&#8220;][vc_btn title=&#8220;Freier Betrag&#8220; style=&#8220;outline&#8220; color=&#8220;warning&#8220; align=&#8220;left&#8220; i_icon_fontawesome=&#8220;fa fa-gift&#8220; css=&#8220;.vc_custom_1546965313544{padding-left: 50px !important;}&#8220; add_icon=&#8220;true&#8220; link=&#8220;url:https%3A%2F%2Fauberge-du-cedre.com%2Fde%2Fgeschenkgutschein-bestellung%2F|||&#8220;][\/vc_column][\/vc_row][vc_row full_width=&#8220;stretch_row_content_no_spaces&#8220; equal_height=&#8220;yes&#8220;][vc_column width=&#8220;1\/5&#8243; offset=&#8220;vc_col-lg-1\/5 vc_hidden-lg vc_col-md-1\/5 vc_hidden-md vc_col-xs-12&#8243;][vc_single_image image=&#8220;3705&#8243; alignment=&#8220;center&#8220;][vc_column_text css=&#8220;.vc_custom_1764067073980{margin-top: 0px !important;margin-bottom: 0px !important;border-top-width: 0px !important;border-bottom-width: 0px !important;padding-top: 0px !important;padding-right: 50px !important;padding-bottom: 25px !important;padding-left: 50px !important;}&#8220;]<\/p>\n<h2>T\u00eate \u00e0 t\u00eate<\/h2>\n<p>1 Tartinette zum Teilen geschenkt<\/p>\n<p>1 Aperitif<br \/>\n1 Saison-Men\u00fc<br \/>\n1 Gl\u00e4ser Wein<\/p>\n<p>1 Kaffee<\/p>\n<p>(pro Person)[\/vc_column_text][vc_btn title=&#8220;99\u20ac f\u00fcr 2 Personen&#8220; style=&#8220;outline&#8220; color=&#8220;warning&#8220; align=&#8220;left&#8220; i_icon_fontawesome=&#8220;fas fa-gifts&#8220; css=&#8220;.vc_custom_1702982978027{margin-top: 0px !important;border-top-width: 0px !important;padding-top: 0px !important;padding-bottom: 35px !important;padding-left: 50px !important;}&#8220; add_icon=&#8220;true&#8220; link=&#8220;url:https%3A%2F%2Fauberge-du-cedre.com%2Fde%2Fgeschenkgutschein-bestellung%2F|||&#8220;][vc_column_text css=&#8220;.vc_custom_1732026889393{margin-bottom: 0px !important;border-bottom-width: 0px !important;padding-right: 50px !important;padding-bottom: 25px !important;padding-left: 50px !important;}&#8220;]<\/p>\n<p>Schlemmer T\u00eate \u00e0 t\u00eate<\/p>\n<p style=\"text-align: left;\">T\u00eate \u00e0 t\u00eate mit K\u00e4seplatte<\/p>\n<p>[\/vc_column_text][vc_btn title=&#8220;119 \u20ac f\u00fcr 2 Personen&#8220; style=&#8220;outline&#8220; color=&#8220;warning&#8220; align=&#8220;left&#8220; i_icon_fontawesome=&#8220;fas fa-gift&#8220; css=&#8220;.vc_custom_1732026587970{margin-top: 0px !important;border-top-width: 0px !important;padding-top: 0px !important;padding-bottom: 35px !important;padding-left: 50px !important;}&#8220; add_icon=&#8220;true&#8220; link=&#8220;url:https%3A%2F%2Fauberge-du-cedre.com%2Fde%2Fgeschenkgutschein-bestellung%2F|||&#8220;][\/vc_column][vc_column width=&#8220;1\/5&#8243; offset=&#8220;vc_col-lg-1\/5 vc_hidden-lg vc_col-md-1\/5 vc_hidden-md vc_col-xs-12&#8243;][vc_single_image image=&#8220;3709&#8243; alignment=&#8220;center&#8220;][vc_column_text css=&#8220;.vc_custom_1732027266972{margin-bottom: 0px !important;border-bottom-width: 0px !important;padding-right: 50px !important;padding-bottom: 25px !important;padding-left: 50px !important;}&#8220;]<\/p>\n<h2>Wochenende im Zedernwald<\/h2>\n<p style=\"text-align: left;\">1 T\u00eate \u00e0 t\u00eate<br \/>\n1 Nacht im Doppelzimmer,<br \/>\nFr\u00fchst\u00fccksb\u00fcffet<br \/>\n(ausser Hauptsaison)<\/p>\n<p>[\/vc_column_text][vc_btn title=&#8220;258 \u20ac f\u00fcr 2 Personen&#8220; style=&#8220;outline&#8220; color=&#8220;warning&#8220; align=&#8220;left&#8220; i_icon_fontawesome=&#8220;fas fa-gift&#8220; css=&#8220;.vc_custom_1764067103410{padding-bottom: 10px !important;padding-left: 50px !important;}&#8220; add_icon=&#8220;true&#8220; link=&#8220;url:https%3A%2F%2Fauberge-du-cedre.com%2Fde%2Fgeschenkgutschein-bestellung%2F|||&#8220;][vc_column_text css=&#8220;.vc_custom_1732027338275{margin-bottom: 0px !important;border-bottom-width: 0px !important;padding-right: 50px !important;padding-bottom: 25px !important;padding-left: 50px !important;}&#8220;]<\/p>\n<p style=\"text-align: left;\">+ eine Flasche Wein passend zum Men\u00fc<\/p>\n<p>(in einer Auswahl aus unserer Weinkarte)[\/vc_column_text][vc_btn title=&#8220;296 \u20ac f\u00fcr 2 Personen&#8220; style=&#8220;outline&#8220; color=&#8220;warning&#8220; align=&#8220;left&#8220; i_icon_fontawesome=&#8220;fas fa-gift&#8220; css=&#8220;.vc_custom_1764067110967{margin-top: 0px !important;border-top-width: 0px !important;padding-top: 0px !important;padding-bottom: 35px !important;padding-left: 50px !important;}&#8220; add_icon=&#8220;true&#8220; link=&#8220;url:https%3A%2F%2Fauberge-du-cedre.com%2Fde%2Fgeschenkgutschein-bestellung%2F|||&#8220;][\/vc_column][vc_column width=&#8220;1\/5&#8243; offset=&#8220;vc_col-lg-1\/5 vc_hidden-lg vc_col-md-1\/5 vc_hidden-md vc_col-xs-12&#8243;][vc_single_image image=&#8220;3857&#8243; alignment=&#8220;center&#8220;][vc_column_text css=&#8220;.vc_custom_1731596361613{margin-bottom: 0px !important;border-bottom-width: 0px !important;padding-right: 50px !important;padding-bottom: 25px !important;padding-left: 50px !important;}&#8220;]<\/p>\n<h2>Schnupper-Aufenthalt<\/h2>\n<p style=\"text-align: left;\">2 \u00dcbernachtungen in Halbpension<br \/>\nim Doppelzimmer<br \/>\n(ausser Hauptsaison)<\/p>\n<p>[\/vc_column_text][vc_btn title=&#8220;382 \u20ac f\u00fcr 2 Personen&#8220; style=&#8220;outline&#8220; color=&#8220;warning&#8220; align=&#8220;left&#8220; i_icon_fontawesome=&#8220;fas fa-gift&#8220; css=&#8220;.vc_custom_1764067126681{margin-top: 0px !important;border-top-width: 0px !important;padding-top: 0px !important;padding-bottom: 35px !important;padding-left: 50px !important;}&#8220; add_icon=&#8220;true&#8220; link=&#8220;url:https%3A%2F%2Fauberge-du-cedre.com%2Fde%2Fgeschenkgutschein-bestellung%2F|||&#8220;][\/vc_column][vc_column width=&#8220;1\/5&#8243; offset=&#8220;vc_col-lg-1\/5 vc_hidden-lg vc_col-md-1\/5 vc_hidden-md vc_col-xs-12&#8243;][vc_single_image image=&#8220;30927&#8243; alignment=&#8220;center&#8220;][vc_column_text css=&#8220;.vc_custom_1702645654824{margin-bottom: 0px !important;border-bottom-width: 0px !important;padding-right: 50px !important;padding-bottom: 25px !important;padding-left: 50px !important;}&#8220;]<\/p>\n<h2>Vintage-Luxus<\/h2>\n<p>Das ganz besondere Geschenk: ein Aufenthalt in unseren traumhaften amerikanischen Vintage-Caravans.<br \/>\n2 \u00dcbernachtungen f\u00fcr zwei mit Fr\u00fchst\u00fccksb\u00fcffet[\/vc_column_text][vc_btn title=&#8220;363 \u20ac f\u00fcr 2 Personen&#8220; style=&#8220;outline&#8220; color=&#8220;warning&#8220; align=&#8220;left&#8220; i_icon_fontawesome=&#8220;fas fa-gift&#8220; css=&#8220;.vc_custom_1764067139307{margin-top: 0px !important;border-top-width: 0px !important;padding-top: 0px !important;padding-bottom: 35px !important;padding-left: 50px !important;}&#8220; add_icon=&#8220;true&#8220; link=&#8220;url:https%3A%2F%2Fauberge-du-cedre.com%2Fde%2Fgeschenkgutschein-bestellung%2F|||&#8220;][\/vc_column][vc_column width=&#8220;1\/5&#8243; offset=&#8220;vc_hidden-lg vc_hidden-md&#8220;][vc_single_image image=&#8220;3693&#8243; alignment=&#8220;center&#8220;][vc_column_text css=&#8220;.vc_custom_1702647069400{margin-bottom: 0px !important;border-bottom-width: 0px !important;padding-right: 50px !important;padding-bottom: 25px !important;padding-left: 50px !important;}&#8220;]<\/p>\n<h2>Freies Geschenk<\/h2>\n<p style=\"text-align: left;\">Geschenkgutschein mit frei w\u00e4hlbarem Betrag, anrechenbar auf alle Angebote der Auberge.<br \/>\nSie entscheiden!<\/p>\n<p>[\/vc_column_text][vc_btn title=&#8220;Freier Betrag&#8220; style=&#8220;outline&#8220; color=&#8220;warning&#8220; align=&#8220;left&#8220; i_icon_fontawesome=&#8220;fas fa-gift&#8220; css=&#8220;.vc_custom_1702646137489{margin-top: 0px !important;border-top-width: 0px !important;padding-top: 0px !important;padding-bottom: 35px !important;padding-left: 50px !important;}&#8220; add_icon=&#8220;true&#8220; link=&#8220;url:https%3A%2F%2Fauberge-du-cedre.com%2Fde%2Fgeschenkgutschein-bestellung%2F|||&#8220;][\/vc_column][\/vc_row]<\/p>\n<\/div>","protected":false},"excerpt":{"rendered":"<p>[vc_row full_width=&#8220;stretch_row_content_no_spaces&#8220;][vc_column width=&#8220;1\/4&#8243;][vc_single_image image=&#8220;7056&#8243; img_size=&#8220;300*205&#8243; alignment=&#8220;center&#8220; css=&#8220;.vc_custom_1544461374312{padding-top: 30px !important;padding-left: 50px !important;}&#8220;][\/vc_column][vc_column width=&#8220;3\/4&#8243;][vc_column_text css=&#8220;.vc_custom_1540152180458{padding-right: 50px !important;padding-left: 50px !important;}&#8220;] unsere Geschenkgutscheine Was auch immer der Anlass ist, suchen Sie nicht weiter: wir bieten Ihnen &#8222;hausgemachte&#8220; Geschenke zum Leben, zum Probieren, zum Geniessen &#8211; einfach aussuchen! Nach Erhalt Ihrer Anfrage und der Zahlung per \u00dcberweisung oder Kreditkarte (wir [&hellip;]<\/p>\n","protected":false},"author":1,"featured_media":0,"parent":0,"menu_order":0,"comment_status":"closed","ping_status":"closed","template":"","meta":{"footnotes":""},"class_list":["post-7773","page","type-page","status-publish","hentry"],"yoast_head":"<!-- This site is optimized with the Yoast SEO plugin v27.5 - https:\/\/yoast.com\/product\/yoast-seo-wordpress\/ -->\n<title>Geschenkgutscheine - Auberge du C\u00e8dre | H\u00f4tel &amp; Restaurant en Pic Saint-Loup<\/title>\n<meta name=\"robots\" content=\"index, follow, max-snippet:-1, max-image-preview:large, max-video-preview:-1\" \/>\n<link rel=\"canonical\" href=\"https:\/\/auberge-du-cedre.com\/de\/geschenkgutscheine\/\" \/>\n<meta property=\"og:locale\" content=\"de_DE\" \/>\n<meta property=\"og:type\" content=\"article\" \/>\n<meta property=\"og:title\" content=\"Geschenkgutscheine - Auberge du C\u00e8dre | H\u00f4tel &amp; Restaurant en Pic Saint-Loup\" \/>\n<meta property=\"og:description\" content=\"[vc_row full_width=&#8220;stretch_row_content_no_spaces&#8220;][vc_column width=&#8220;1\/4&#8243;][vc_single_image image=&#8220;7056&#8243; img_size=&#8220;300*205&#8243; alignment=&#8220;center&#8220; css=&#8220;.vc_custom_1544461374312{padding-top: 30px !important;padding-left: 50px !important;}&#8220;][\/vc_column][vc_column width=&#8220;3\/4&#8243;][vc_column_text css=&#8220;.vc_custom_1540152180458{padding-right: 50px !important;padding-left: 50px !important;}&#8220;] unsere Geschenkgutscheine Was auch immer der Anlass ist, suchen Sie nicht weiter: wir bieten Ihnen &#8222;hausgemachte&#8220; Geschenke zum Leben, zum Probieren, zum Geniessen &#8211; einfach aussuchen! Nach Erhalt Ihrer Anfrage und der Zahlung per \u00dcberweisung oder Kreditkarte (wir [&hellip;]\" \/>\n<meta property=\"og:url\" content=\"https:\/\/auberge-du-cedre.com\/de\/geschenkgutscheine\/\" \/>\n<meta property=\"og:site_name\" content=\"Auberge du C\u00e8dre | H\u00f4tel &amp; Restaurant en Pic Saint-Loup\" \/>\n<meta property=\"article:publisher\" content=\"https:\/\/www.facebook.com\/aubergeducedre\" \/>\n<meta property=\"article:modified_time\" content=\"2025-11-25T10:39:03+00:00\" \/>\n<meta name=\"twitter:card\" content=\"summary_large_image\" \/>\n<meta name=\"twitter:label1\" content=\"Gesch\u00e4tzte Lesezeit\" \/>\n\t<meta name=\"twitter:data1\" content=\"7\u00a0Minuten\" \/>\n<script type=\"application\/ld+json\" class=\"yoast-schema-graph\">{\"@context\":\"https:\\\/\\\/schema.org\",\"@graph\":[{\"@type\":\"WebPage\",\"@id\":\"https:\\\/\\\/auberge-du-cedre.com\\\/de\\\/geschenkgutscheine\\\/\",\"url\":\"https:\\\/\\\/auberge-du-cedre.com\\\/de\\\/geschenkgutscheine\\\/\",\"name\":\"Geschenkgutscheine - Auberge du C\u00e8dre | H\u00f4tel &amp; Restaurant en Pic Saint-Loup\",\"isPartOf\":{\"@id\":\"https:\\\/\\\/auberge-du-cedre.com\\\/#website\"},\"datePublished\":\"2018-07-02T19:22:54+00:00\",\"dateModified\":\"2025-11-25T10:39:03+00:00\",\"breadcrumb\":{\"@id\":\"https:\\\/\\\/auberge-du-cedre.com\\\/de\\\/geschenkgutscheine\\\/#breadcrumb\"},\"inLanguage\":\"de\",\"potentialAction\":[{\"@type\":\"ReadAction\",\"target\":[\"https:\\\/\\\/auberge-du-cedre.com\\\/de\\\/geschenkgutscheine\\\/\"]}]},{\"@type\":\"BreadcrumbList\",\"@id\":\"https:\\\/\\\/auberge-du-cedre.com\\\/de\\\/geschenkgutscheine\\\/#breadcrumb\",\"itemListElement\":[{\"@type\":\"ListItem\",\"position\":1,\"name\":\"Accueil\",\"item\":\"https:\\\/\\\/auberge-du-cedre.com\\\/de\\\/\"},{\"@type\":\"ListItem\",\"position\":2,\"name\":\"Geschenkgutscheine\"}]},{\"@type\":\"WebSite\",\"@id\":\"https:\\\/\\\/auberge-du-cedre.com\\\/#website\",\"url\":\"https:\\\/\\\/auberge-du-cedre.com\\\/\",\"name\":\"Auberge du C\u00e8dre | H\u00f4tel &amp; Restaurant en Pic Saint-Loup\",\"description\":\"Languedoc\",\"potentialAction\":[{\"@type\":\"SearchAction\",\"target\":{\"@type\":\"EntryPoint\",\"urlTemplate\":\"https:\\\/\\\/auberge-du-cedre.com\\\/?s={search_term_string}\"},\"query-input\":{\"@type\":\"PropertyValueSpecification\",\"valueRequired\":true,\"valueName\":\"search_term_string\"}}],\"inLanguage\":\"de\"}]}<\/script>\n<!-- \/ Yoast SEO plugin. -->","yoast_head_json":{"title":"Geschenkgutscheine - Auberge du C\u00e8dre | H\u00f4tel &amp; Restaurant en Pic Saint-Loup","robots":{"index":"index","follow":"follow","max-snippet":"max-snippet:-1","max-image-preview":"max-image-preview:large","max-video-preview":"max-video-preview:-1"},"canonical":"https:\/\/auberge-du-cedre.com\/de\/geschenkgutscheine\/","og_locale":"de_DE","og_type":"article","og_title":"Geschenkgutscheine - Auberge du C\u00e8dre | H\u00f4tel &amp; Restaurant en Pic Saint-Loup","og_description":"[vc_row full_width=&#8220;stretch_row_content_no_spaces&#8220;][vc_column width=&#8220;1\/4&#8243;][vc_single_image image=&#8220;7056&#8243; img_size=&#8220;300*205&#8243; alignment=&#8220;center&#8220; css=&#8220;.vc_custom_1544461374312{padding-top: 30px !important;padding-left: 50px !important;}&#8220;][\/vc_column][vc_column width=&#8220;3\/4&#8243;][vc_column_text css=&#8220;.vc_custom_1540152180458{padding-right: 50px !important;padding-left: 50px !important;}&#8220;] unsere Geschenkgutscheine Was auch immer der Anlass ist, suchen Sie nicht weiter: wir bieten Ihnen &#8222;hausgemachte&#8220; Geschenke zum Leben, zum Probieren, zum Geniessen &#8211; einfach aussuchen! Nach Erhalt Ihrer Anfrage und der Zahlung per \u00dcberweisung oder Kreditkarte (wir [&hellip;]","og_url":"https:\/\/auberge-du-cedre.com\/de\/geschenkgutscheine\/","og_site_name":"Auberge du C\u00e8dre | H\u00f4tel &amp; Restaurant en Pic Saint-Loup","article_publisher":"https:\/\/www.facebook.com\/aubergeducedre","article_modified_time":"2025-11-25T10:39:03+00:00","twitter_card":"summary_large_image","twitter_misc":{"Gesch\u00e4tzte Lesezeit":"7\u00a0Minuten"},"schema":{"@context":"https:\/\/schema.org","@graph":[{"@type":"WebPage","@id":"https:\/\/auberge-du-cedre.com\/de\/geschenkgutscheine\/","url":"https:\/\/auberge-du-cedre.com\/de\/geschenkgutscheine\/","name":"Geschenkgutscheine - Auberge du C\u00e8dre | H\u00f4tel &amp; Restaurant en Pic Saint-Loup","isPartOf":{"@id":"https:\/\/auberge-du-cedre.com\/#website"},"datePublished":"2018-07-02T19:22:54+00:00","dateModified":"2025-11-25T10:39:03+00:00","breadcrumb":{"@id":"https:\/\/auberge-du-cedre.com\/de\/geschenkgutscheine\/#breadcrumb"},"inLanguage":"de","potentialAction":[{"@type":"ReadAction","target":["https:\/\/auberge-du-cedre.com\/de\/geschenkgutscheine\/"]}]},{"@type":"BreadcrumbList","@id":"https:\/\/auberge-du-cedre.com\/de\/geschenkgutscheine\/#breadcrumb","itemListElement":[{"@type":"ListItem","position":1,"name":"Accueil","item":"https:\/\/auberge-du-cedre.com\/de\/"},{"@type":"ListItem","position":2,"name":"Geschenkgutscheine"}]},{"@type":"WebSite","@id":"https:\/\/auberge-du-cedre.com\/#website","url":"https:\/\/auberge-du-cedre.com\/","name":"Auberge du C\u00e8dre | H\u00f4tel &amp; Restaurant en Pic Saint-Loup","description":"Languedoc","potentialAction":[{"@type":"SearchAction","target":{"@type":"EntryPoint","urlTemplate":"https:\/\/auberge-du-cedre.com\/?s={search_term_string}"},"query-input":{"@type":"PropertyValueSpecification","valueRequired":true,"valueName":"search_term_string"}}],"inLanguage":"de"}]}},"_links":{"self":[{"href":"https:\/\/auberge-du-cedre.com\/de\/wp-json\/wp\/v2\/pages\/7773","targetHints":{"allow":["GET"]}}],"collection":[{"href":"https:\/\/auberge-du-cedre.com\/de\/wp-json\/wp\/v2\/pages"}],"about":[{"href":"https:\/\/auberge-du-cedre.com\/de\/wp-json\/wp\/v2\/types\/page"}],"author":[{"embeddable":true,"href":"https:\/\/auberge-du-cedre.com\/de\/wp-json\/wp\/v2\/users\/1"}],"replies":[{"embeddable":true,"href":"https:\/\/auberge-du-cedre.com\/de\/wp-json\/wp\/v2\/comments?post=7773"}],"version-history":[{"count":75,"href":"https:\/\/auberge-du-cedre.com\/de\/wp-json\/wp\/v2\/pages\/7773\/revisions"}],"predecessor-version":[{"id":34350,"href":"https:\/\/auberge-du-cedre.com\/de\/wp-json\/wp\/v2\/pages\/7773\/revisions\/34350"}],"wp:attachment":[{"href":"https:\/\/auberge-du-cedre.com\/de\/wp-json\/wp\/v2\/media?parent=7773"}],"curies":[{"name":"wp","href":"https:\/\/api.w.org\/{rel}","templated":true}]}}