{"id":8070,"date":"2018-07-03T16:18:40","date_gmt":"2018-07-03T16:18:40","guid":{"rendered":"http:\/\/auberge-du-cedre.com\/equipe\/"},"modified":"2026-03-13T16:24:33","modified_gmt":"2026-03-13T15:24:33","slug":"team","status":"publish","type":"page","link":"https:\/\/auberge-du-cedre.com\/de\/team\/","title":{"rendered":"Unser Team"},"content":{"rendered":"<div class=\"wpb-content-wrapper\"><p>[vc_row full_width=&#8220;stretch_row_content_no_spaces&#8220;][vc_column][vc_column_text css=&#8220;.vc_custom_1773415312611{padding-right: 65px !important;padding-left: 65px !important;}&#8220;]<\/p>\n<h1><span style=\"color: #808080; font-size: 2.4rem;\">unser Team<\/span><\/h1>\n<p>In der Auberge du C\u00e8dre bietet Ihnen die Umgebung eine zauberhafte Auszeit, ganz in der N\u00e4he des Pic Saint Loup, im Herzen dieses unglaublichen Weinbaugebietes.<\/p>\n<p>Aber damit der Zauber auch wirklich wirkt, arbeitet das gesamte Team mit gr\u00f6\u00dfter Sorgfalt, um Sie herzlich zu empfangen, wie in einem Familienhaus, in dem jeder einen Raum findet, in dem er sich wohlf\u00fchlt, Gerichte, die die Geschmacksnerven anregen, und eine sorgf\u00e4ltig ausgew\u00e4hlte Weinkarte, in der unter anderem das Languedoc und das Anbaugebiet Pic Saint Loup hervorgehoben werden.<\/p>\n<p>Seit 2022 ist die Auberge eine Soci\u00e9t\u00e9 Coop\u00e9rative d&#8217;Int\u00e9r\u00eat Collectif, (Genossenschaft) die von <strong>Vera<\/strong> geleitet wird, die 18 Jahre lang Chefk\u00f6chin in der Auberge war. Sie wird von <strong>Marie<\/strong> unterst\u00fctzt.<\/p>\n<p>Wenn Sie in diesem sch\u00f6nen Haus \u00fcbernachten, werden Sie an der Rezeption von <strong>Michaela, Michaela<\/strong> oder <strong>G\u00e9rald<\/strong> empfangen, die Sie gerne zu Ihrem Zimmer begleiten, das von <strong>David<\/strong> oder S<strong>olenne<\/strong>, die f\u00fcr das Zimmerservice-Team zust\u00e4ndig ist, mit Sorgfalt und Aufmerksamkeit vorbereitet wurde.<\/p>\n<p>In der K\u00fcche arbeiten<strong>\u00a0Nicolas<\/strong>, <strong>Nans, Nolan und Gr\u00e9goire<\/strong>\u00a0zusammen, um Ihnen ebenso sch\u00f6ne wie wohlschmeckende Gerichte anzubieten, wobei sie saisonale, regionale und m\u00f6glichst aus biologischem Anbau stammende Produkte bevorzugen.<\/p>\n<p>Um Ihren Erwartungen in einer herzlichen Atmosph\u00e4re gerecht zu werden, das Serviceteam, bestehend aus<strong> Frederique<\/strong>, <strong>Axel,<\/strong> <strong>Maryline<\/strong>, <strong>Nathan<\/strong> und <strong>Val\u00e9rie,<\/strong> steht Ihnen jederzeit zur Verf\u00fcgung.<\/p>\n<p>Und schlie\u00dflich sorgen <strong>Pascale<\/strong> und <strong>Julien<\/strong> daf\u00fcr, dass alles reibungslos l\u00e4uft.<\/p>\n<p>Wir alle freuen uns, Ihren Aufenthalt in der Auberge de C\u00e8dre so behaglich, wohltuend und lebensfroh wie m\u00f6glich zu gestalten.[\/vc_column_text][vc_masonry_media_grid element_width=&#8220;2&#8243; css=&#8220;.vc_custom_1773415470259{margin-bottom: 0px !important;padding-bottom: 0px !important;}&#8220; initial_loading_animation=&#8220;fadeIn&#8220; grid_id=&#8220;vc_gid:1773415318733-7998c406-6cc9-3&#8243; include=&#8220;4100,9200,31081,31066,33059,33050&#8243;][\/vc_column][\/vc_row]<\/p>\n<\/div>","protected":false},"excerpt":{"rendered":"<p>[vc_row full_width=&#8220;stretch_row_content_no_spaces&#8220;][vc_column][vc_column_text css=&#8220;.vc_custom_1773415312611{padding-right: 65px !important;padding-left: 65px !important;}&#8220;] unser Team In der Auberge du C\u00e8dre bietet Ihnen die Umgebung eine zauberhafte Auszeit, ganz in der N\u00e4he des Pic Saint Loup, im Herzen dieses unglaublichen Weinbaugebietes. Aber damit der Zauber auch wirklich wirkt, arbeitet das gesamte Team mit gr\u00f6\u00dfter Sorgfalt, um Sie herzlich zu empfangen, wie in [&hellip;]<\/p>\n","protected":false},"author":1,"featured_media":0,"parent":0,"menu_order":0,"comment_status":"closed","ping_status":"closed","template":"","meta":{"footnotes":""},"class_list":["post-8070","page","type-page","status-publish","hentry"],"yoast_head":"<!-- This site is optimized with the Yoast SEO plugin v27.5 - https:\/\/yoast.com\/product\/yoast-seo-wordpress\/ -->\n<title>Unser Team - Auberge du C\u00e8dre | H\u00f4tel &amp; Restaurant en Pic Saint-Loup<\/title>\n<meta name=\"robots\" content=\"index, follow, max-snippet:-1, max-image-preview:large, max-video-preview:-1\" \/>\n<link rel=\"canonical\" href=\"https:\/\/auberge-du-cedre.com\/de\/team\/\" \/>\n<meta property=\"og:locale\" content=\"de_DE\" \/>\n<meta property=\"og:type\" content=\"article\" \/>\n<meta property=\"og:title\" content=\"Unser Team - Auberge du C\u00e8dre | H\u00f4tel &amp; Restaurant en Pic Saint-Loup\" \/>\n<meta property=\"og:description\" content=\"[vc_row full_width=&#8220;stretch_row_content_no_spaces&#8220;][vc_column][vc_column_text css=&#8220;.vc_custom_1773415312611{padding-right: 65px !important;padding-left: 65px !important;}&#8220;] unser Team In der Auberge du C\u00e8dre bietet Ihnen die Umgebung eine zauberhafte Auszeit, ganz in der N\u00e4he des Pic Saint Loup, im Herzen dieses unglaublichen Weinbaugebietes. Aber damit der Zauber auch wirklich wirkt, arbeitet das gesamte Team mit gr\u00f6\u00dfter Sorgfalt, um Sie herzlich zu empfangen, wie in [&hellip;]\" \/>\n<meta property=\"og:url\" content=\"https:\/\/auberge-du-cedre.com\/de\/team\/\" \/>\n<meta property=\"og:site_name\" content=\"Auberge du C\u00e8dre | H\u00f4tel &amp; Restaurant en Pic Saint-Loup\" \/>\n<meta property=\"article:publisher\" content=\"https:\/\/www.facebook.com\/aubergeducedre\" \/>\n<meta property=\"article:modified_time\" content=\"2026-03-13T15:24:33+00:00\" \/>\n<meta name=\"twitter:card\" content=\"summary_large_image\" \/>\n<meta name=\"twitter:label1\" content=\"Gesch\u00e4tzte Lesezeit\" \/>\n\t<meta name=\"twitter:data1\" content=\"4\u00a0Minuten\" \/>\n<script type=\"application\/ld+json\" class=\"yoast-schema-graph\">{\"@context\":\"https:\\\/\\\/schema.org\",\"@graph\":[{\"@type\":\"WebPage\",\"@id\":\"https:\\\/\\\/auberge-du-cedre.com\\\/de\\\/team\\\/\",\"url\":\"https:\\\/\\\/auberge-du-cedre.com\\\/de\\\/team\\\/\",\"name\":\"Unser Team - Auberge du C\u00e8dre | H\u00f4tel &amp; Restaurant en Pic Saint-Loup\",\"isPartOf\":{\"@id\":\"https:\\\/\\\/auberge-du-cedre.com\\\/#website\"},\"datePublished\":\"2018-07-03T16:18:40+00:00\",\"dateModified\":\"2026-03-13T15:24:33+00:00\",\"breadcrumb\":{\"@id\":\"https:\\\/\\\/auberge-du-cedre.com\\\/de\\\/team\\\/#breadcrumb\"},\"inLanguage\":\"de\",\"potentialAction\":[{\"@type\":\"ReadAction\",\"target\":[\"https:\\\/\\\/auberge-du-cedre.com\\\/de\\\/team\\\/\"]}]},{\"@type\":\"BreadcrumbList\",\"@id\":\"https:\\\/\\\/auberge-du-cedre.com\\\/de\\\/team\\\/#breadcrumb\",\"itemListElement\":[{\"@type\":\"ListItem\",\"position\":1,\"name\":\"Accueil\",\"item\":\"https:\\\/\\\/auberge-du-cedre.com\\\/de\\\/\"},{\"@type\":\"ListItem\",\"position\":2,\"name\":\"Unser Team\"}]},{\"@type\":\"WebSite\",\"@id\":\"https:\\\/\\\/auberge-du-cedre.com\\\/#website\",\"url\":\"https:\\\/\\\/auberge-du-cedre.com\\\/\",\"name\":\"Auberge du C\u00e8dre | H\u00f4tel &amp; Restaurant en Pic Saint-Loup\",\"description\":\"Languedoc\",\"potentialAction\":[{\"@type\":\"SearchAction\",\"target\":{\"@type\":\"EntryPoint\",\"urlTemplate\":\"https:\\\/\\\/auberge-du-cedre.com\\\/?s={search_term_string}\"},\"query-input\":{\"@type\":\"PropertyValueSpecification\",\"valueRequired\":true,\"valueName\":\"search_term_string\"}}],\"inLanguage\":\"de\"}]}<\/script>\n<!-- \/ Yoast SEO plugin. -->","yoast_head_json":{"title":"Unser Team - Auberge du C\u00e8dre | H\u00f4tel &amp; Restaurant en Pic Saint-Loup","robots":{"index":"index","follow":"follow","max-snippet":"max-snippet:-1","max-image-preview":"max-image-preview:large","max-video-preview":"max-video-preview:-1"},"canonical":"https:\/\/auberge-du-cedre.com\/de\/team\/","og_locale":"de_DE","og_type":"article","og_title":"Unser Team - Auberge du C\u00e8dre | H\u00f4tel &amp; Restaurant en Pic Saint-Loup","og_description":"[vc_row full_width=&#8220;stretch_row_content_no_spaces&#8220;][vc_column][vc_column_text css=&#8220;.vc_custom_1773415312611{padding-right: 65px !important;padding-left: 65px !important;}&#8220;] unser Team In der Auberge du C\u00e8dre bietet Ihnen die Umgebung eine zauberhafte Auszeit, ganz in der N\u00e4he des Pic Saint Loup, im Herzen dieses unglaublichen Weinbaugebietes. Aber damit der Zauber auch wirklich wirkt, arbeitet das gesamte Team mit gr\u00f6\u00dfter Sorgfalt, um Sie herzlich zu empfangen, wie in [&hellip;]","og_url":"https:\/\/auberge-du-cedre.com\/de\/team\/","og_site_name":"Auberge du C\u00e8dre | H\u00f4tel &amp; Restaurant en Pic Saint-Loup","article_publisher":"https:\/\/www.facebook.com\/aubergeducedre","article_modified_time":"2026-03-13T15:24:33+00:00","twitter_card":"summary_large_image","twitter_misc":{"Gesch\u00e4tzte Lesezeit":"4\u00a0Minuten"},"schema":{"@context":"https:\/\/schema.org","@graph":[{"@type":"WebPage","@id":"https:\/\/auberge-du-cedre.com\/de\/team\/","url":"https:\/\/auberge-du-cedre.com\/de\/team\/","name":"Unser Team - Auberge du C\u00e8dre | H\u00f4tel &amp; Restaurant en Pic Saint-Loup","isPartOf":{"@id":"https:\/\/auberge-du-cedre.com\/#website"},"datePublished":"2018-07-03T16:18:40+00:00","dateModified":"2026-03-13T15:24:33+00:00","breadcrumb":{"@id":"https:\/\/auberge-du-cedre.com\/de\/team\/#breadcrumb"},"inLanguage":"de","potentialAction":[{"@type":"ReadAction","target":["https:\/\/auberge-du-cedre.com\/de\/team\/"]}]},{"@type":"BreadcrumbList","@id":"https:\/\/auberge-du-cedre.com\/de\/team\/#breadcrumb","itemListElement":[{"@type":"ListItem","position":1,"name":"Accueil","item":"https:\/\/auberge-du-cedre.com\/de\/"},{"@type":"ListItem","position":2,"name":"Unser Team"}]},{"@type":"WebSite","@id":"https:\/\/auberge-du-cedre.com\/#website","url":"https:\/\/auberge-du-cedre.com\/","name":"Auberge du C\u00e8dre | H\u00f4tel &amp; Restaurant en Pic Saint-Loup","description":"Languedoc","potentialAction":[{"@type":"SearchAction","target":{"@type":"EntryPoint","urlTemplate":"https:\/\/auberge-du-cedre.com\/?s={search_term_string}"},"query-input":{"@type":"PropertyValueSpecification","valueRequired":true,"valueName":"search_term_string"}}],"inLanguage":"de"}]}},"_links":{"self":[{"href":"https:\/\/auberge-du-cedre.com\/de\/wp-json\/wp\/v2\/pages\/8070","targetHints":{"allow":["GET"]}}],"collection":[{"href":"https:\/\/auberge-du-cedre.com\/de\/wp-json\/wp\/v2\/pages"}],"about":[{"href":"https:\/\/auberge-du-cedre.com\/de\/wp-json\/wp\/v2\/types\/page"}],"author":[{"embeddable":true,"href":"https:\/\/auberge-du-cedre.com\/de\/wp-json\/wp\/v2\/users\/1"}],"replies":[{"embeddable":true,"href":"https:\/\/auberge-du-cedre.com\/de\/wp-json\/wp\/v2\/comments?post=8070"}],"version-history":[{"count":29,"href":"https:\/\/auberge-du-cedre.com\/de\/wp-json\/wp\/v2\/pages\/8070\/revisions"}],"predecessor-version":[{"id":34435,"href":"https:\/\/auberge-du-cedre.com\/de\/wp-json\/wp\/v2\/pages\/8070\/revisions\/34435"}],"wp:attachment":[{"href":"https:\/\/auberge-du-cedre.com\/de\/wp-json\/wp\/v2\/media?parent=8070"}],"curies":[{"name":"wp","href":"https:\/\/api.w.org\/{rel}","templated":true}]}}