{"id":8074,"date":"2018-07-03T18:19:18","date_gmt":"2018-07-03T18:19:18","guid":{"rendered":"http:\/\/auberge-du-cedre.com\/histoire\/"},"modified":"2024-09-05T15:29:19","modified_gmt":"2024-09-05T14:29:19","slug":"geschichte","status":"publish","type":"page","link":"https:\/\/auberge-du-cedre.com\/de\/geschichte\/","title":{"rendered":"Die Geschichte des Hauses"},"content":{"rendered":"<div class=\"wpb-content-wrapper\"><p>[vc_row full_width=&#8220;stretch_row_content_no_spaces&#8220; equal_height=&#8220;yes&#8220; content_placement=&#8220;middle&#8220; css=&#8220;.vc_custom_1530554868140{margin-top: 0px !important;margin-right: 0px !important;margin-bottom: 0px !important;margin-left: 0px !important;border-right-width: 0px !important;border-left-width: 0px !important;padding-top: 0px !important;padding-right: 0px !important;padding-left: 0px !important;}&#8220;][vc_column css=&#8220;.vc_custom_1530688567069{margin-top: 0px !important;margin-bottom: 0px !important;padding-top: 0px !important;padding-right: 15px !important;padding-bottom: 0px !important;padding-left: 15px !important;}&#8220; offset=&#8220;vc_col-lg-6 vc_col-md-6 vc_col-xs-12&#8243;][vc_column_text css=&#8220;.vc_custom_1722521534618{margin-top: 0px !important;margin-bottom: 0px !important;border-top-width: 0px !important;padding-top: 0px !important;padding-right: 50px !important;padding-bottom: 50px !important;padding-left: 50px !important;}&#8220;]<\/p>\n<h1><span style=\"color: #808080; font-size: 2.2rem;\">Geschichtliches<\/span><\/h1>\n<h2>das Weingut<\/h2>\n<p>Die Auberge du C\u00e8dre ist das ehemalige Herrenhaus des Weingutes Cazeneuve, das einst \u00fcber 50\u00a0ha Wein und 250\u00a0ha Wald an den H\u00e4ngen umfasste, mit der grossen Kellerei, den Stallungen und Nebengeb\u00e4uden auf der anderen Seite der Strasse.<\/p>\n<p>Der \u00e4lteste Teil geht auf das 13.\u00a0Jahrhundert zur\u00fcck, als das Gut noch Mas de Trimon hiess. Der Name Cazenove erscheint im 14.\u00a0Jahrhundert. Sp\u00e4ter, im 17. und 18.\u00a0Jahrhundert, \u00fcben die noblen Glasbl\u00e4serfamilien de La Roque und de Girard hier ihre Kunst aus.<\/p>\n<p>Am Ende des 19.\u00a0Jahrhunderts ist Cazeneuve ein grosses Weingut geworden, im Besitz einer wohlhabenden Famile von Weinh\u00e4ndlern aus S\u00e8te. Zu diesem Zeitpunkt, gegen 1896, ist das gesamte Geb\u00e4ude mit grossem Aufwand in seine heutige Form umgebaut worden.<\/p>\n<p>Der landwirtschaftliche Teil des Gutes hat heute seine urspr\u00fcnglichen Bestimmung wiedergefunden, w\u00e4hrend das Herrenhaus zur Auberge geworden ist, nach und nach aufmerksam seiner neuen Bestimmung angepasst.<\/p>\n<p>Der Park, angelegt und gepflanzt ebenfalls vor ca. 110 Jahren, mit Palmen und anderen exotischen Pflanzen die damals sehr in Mode waren, umfasst ca. 1\u2009 ha mit zahlreichen Pflanzen, von denen einige aus dem alten botanischen Garten\u00a0 Montpellier stammen.Die Zeder selbst ist ebenfalls zu dieser Zeit gepflanzt worden.[\/vc_column_text][\/vc_column][vc_column css=&#8220;.vc_custom_1535149147772{margin-top: 0px !important;margin-right: 0px !important;margin-bottom: 0px !important;margin-left: 0px !important;border-top-width: 0px !important;border-right-width: 0px !important;border-bottom-width: 0px !important;border-left-width: 0px !important;padding-top: 0px !important;padding-right: 0px !important;padding-bottom: 0px !important;padding-left: 0px !important;background-image: url(http:\/\/auberge-du-cedre.com\/wp-content\/uploads\/2018\/08\/parc_maison_960-1.jpg?id=7005) !important;background-position: center !important;background-repeat: no-repeat !important;background-size: cover !important;}&#8220; offset=&#8220;vc_col-lg-6 vc_col-md-6 vc_col-xs-12&#8243;][vc_empty_space height=&#8220;350&#8243;][\/vc_column][\/vc_row][vc_row full_width=&#8220;stretch_row_content_no_spaces&#8220; equal_height=&#8220;yes&#8220; content_placement=&#8220;middle&#8220;][vc_column width=&#8220;1\/2&#8243; offset=&#8220;vc_hidden-sm vc_hidden-xs&#8220; css=&#8220;.vc_custom_1530642298697{background-image: url(http:\/\/auberge-du-cedre.com\/wp-content\/uploads\/2018\/07\/maison_sud_z1987.jpg?id=4151) !important;background-position: center !important;background-repeat: no-repeat !important;background-size: cover !important;}&#8220;][vc_empty_space height=&#8220;350&#8243;][\/vc_column][vc_column width=&#8220;1\/2&#8243; offset=&#8220;vc_hidden-sm vc_hidden-xs&#8220; css=&#8220;.vc_custom_1524585004826{padding-right: 15px !important;padding-left: 15px !important;}&#8220;][vc_column_text css=&#8220;.vc_custom_1725546557288{margin-top: 0px !important;border-top-width: 0px !important;padding-top: 0px !important;padding-right: 50px !important;padding-bottom: 50px !important;padding-left: 50px !important;}&#8220;]<\/p>\n<h2>die Auberge<\/h2>\n<p>Die Idee der Auberge du C\u00e8dre ist 1987 aus der zuf\u00e4lligen Entdeckung dieses grossen, alten und seit Jahren leerstehenden Hauses durch Olivier Antonin entstanden, kurz nach dem Erwerb des landwirtschaftlichen Teils des Gutes durch seinen Freund Andr\u00e9 Leenhardt.<\/p>\n<p>Der Kauf des Hauses fand 1989 statt, finanziert von einer daf\u00fcr gegr\u00fcndeten Gesellschaft von ca. 50 Eigent\u00fcmern, mit dem Projekt eines offenen, allen zug\u00e4nglichen Hauses zur Begegnung, zur Fortbildung, zum Erholen&#8230;<\/p>\n<p>Das Projekt wurde die ersten drei Jahre von einem Verein von circa 15 Personen getragen, der 1992 durch die GmbH Domaine de Cazeneuve abgel\u00f6st wurde, um unter der F\u00fchrung von Fran\u00e7oise Antonin &amp; Lutz Engelmann den Betrieb weiterzuentwickeln.<\/p>\n<p>Zu diesem Zeitpunkt wurde das Haus mit umfangreichen Bauarbeiten an die neue Bestimmung angepasst, mit der Einrichtung der Zimmer und Badezimmer, des Restaurants und der K\u00fcche, und der Neuer\u00f6ffnung unter dem Namen L&#8217;Auberge du C\u00e8dre.<\/p>\n<p>Zwei Jahre sp\u00e4ter wurde das Schwimmbad gebaut, und seitdem wurde fast jeden Winter renoviert um das Haus weiter zu verbessern und zu versch\u00f6nern.<\/p>\n<p>S\u00e4mtliche Gewinne werden reinvestiert, sowohl seitens der GmbH als auch der Eigent\u00fcmer. Die Angestellten der Auberge sind ebenfalls an den Gewinnen beteiligt.<\/p>\n<p>Im Jahr 2022, nach 30 Jahren, wurde das Unternehmen in eine <strong>Soci\u00e9t\u00e9<\/strong> <strong>Coop\u00e9rative d&#8217;Int\u00e9r\u00eat Collectif<\/strong> (Genossenschaft) umgewandelt.<\/p>\n<p>Besch\u00e4ftigte, Kunden, Lieferanten und langj\u00e4hrige Freunde investieren in das<br \/>\nUnternehmen. Die Genossenschaft hat sich zum Ziel gesetzt, die Talente jedes<br \/>\nEinzelnen zu b\u00fcndeln, um wirtschaftliche Effizienz, lokale Entwicklung und sozialen Nutzen miteinander zu verbinden, und ist an dem gemeinsamen Projekt beteiligt, den Fortbestand der Auberge zu sichern, sie weiterzuentwickeln und am Leben zu erhalten.<\/p>\n<p>Die Auberge du C\u00e8dre ist jedoch weder ein modischer Ort noch ein Heiligtum. Sie ist kein Leuchtturm, ein unbeweglicher W\u00e4chter, sondern vielmehr ein Schiff, das uns alle an Bord nimmt![\/vc_column_text][\/vc_column][\/vc_row][vc_row full_width=&#8220;stretch_row_content_no_spaces&#8220; equal_height=&#8220;yes&#8220; content_placement=&#8220;middle&#8220; css=&#8220;.vc_custom_1488540150163{margin-top: 0px !important;margin-right: 0px !important;margin-bottom: 0px !important;margin-left: 0px !important;border-right-width: 0px !important;border-left-width: 0px !important;padding-top: 0px !important;padding-right: 0px !important;padding-left: 0px !important;}&#8220;][vc_column css=&#8220;.vc_custom_1530688540141{margin-top: 0px !important;margin-right: 0px !important;margin-bottom: 0px !important;margin-left: 0px !important;border-top-width: 0px !important;border-right-width: 0px !important;border-bottom-width: 0px !important;border-left-width: 0px !important;padding-top: 0px !important;padding-right: 0px !important;padding-bottom: 0px !important;padding-left: 0px !important;}&#8220; offset=&#8220;vc_hidden-lg vc_hidden-md vc_col-xs-12&#8243;][vc_column_text css=&#8220;.vc_custom_1536691103073{padding-top: 20px !important;padding-right: 50px !important;padding-bottom: 50px !important;padding-left: 50px !important;}&#8220;]<\/p>\n<h2>l&#8217;histoire de l&#8217;Auberge<\/h2>\n<p>L&#8217;Auberge est n\u00e9e de la d\u00e9couverte par Olivier Antonin en 1987, de cette belle maison de ma\u00eetre vide et en sommeil depuis des ann\u00e9es, peu apr\u00e8s l&#8217;acquisition de la partie agricole du domaine par son ami Andr\u00e9 Leenhardt.<\/p>\n<p>L&#8217;achat f\u00fbt enfin conclu en 1989, par un groupe de deux familles et d\u2019amis, organis\u00e9s en une SCI d&#8217;une cinquantaine de copropri\u00e9taires, avec un projet de maison ouverte et accessible \u00e0 tous, pour se retrouver, se former, travailler, se reposer&#8230;<\/p>\n<p>D\u00e9but 1992, apr\u00e8s trois ans de fonctionnement initi\u00e9 par une association, la SARL Domaine de Cazeneuve, g\u00e9r\u00e9e par Fran\u00e7oise Antonin &amp; Lutz Engelmann, a pris le relais pour d\u00e9velopper\u00a0 l&#8217;activit\u00e9 d&#8217;accueil et de restauration.<\/p>\n<p>C&#8217;est \u00e0 ce moment l\u00e0 o\u00f9 la maison a \u00e9t\u00e9 adapt\u00e9e \u00e0 sa nouvelle vocation, avec la cr\u00e9ation des chambres, des sanitaires, du restaurant et de la cuisine, et o\u00f9 le nom\u00a0L&#8217;Auberge du C\u00e8dre a \u00e9t\u00e9 trouv\u00e9. Deux ans plus tard la piscine \u00e9tait cr\u00e9\u00e9e, et depuis presque chaque ann\u00e9e des r\u00e9novations contribuent \u00e0 rendre la maison plus agr\u00e9able.<\/p>\n<p>Tous les b\u00e9n\u00e9fices de l&#8217;activit\u00e9 ont \u00e9t\u00e9 r\u00e9investis, tant au niveau de la SARL que de la SCI propri\u00e9taire. Une partie des b\u00e9n\u00e9fices est distribu\u00e9e aux salari\u00e9s de l&#8217;Auberge avec un accord d&#8217;int\u00e9ressement.[\/vc_column_text][\/vc_column][vc_column css=&#8220;.vc_custom_1530689309612{margin-top: 0px !important;margin-bottom: 0px !important;padding-top: 0px !important;padding-right: 0px !important;padding-bottom: 0px !important;padding-left: 0px !important;}&#8220; offset=&#8220;vc_hidden-lg vc_hidden-md vc_col-xs-12&#8243;][vc_single_image image=&#8220;4151&#8243;][\/vc_column][\/vc_row]<\/p>\n<\/div>","protected":false},"excerpt":{"rendered":"<p>[vc_row full_width=&#8220;stretch_row_content_no_spaces&#8220; equal_height=&#8220;yes&#8220; content_placement=&#8220;middle&#8220; css=&#8220;.vc_custom_1530554868140{margin-top: 0px !important;margin-right: 0px !important;margin-bottom: 0px !important;margin-left: 0px !important;border-right-width: 0px !important;border-left-width: 0px !important;padding-top: 0px !important;padding-right: 0px !important;padding-left: 0px !important;}&#8220;][vc_column css=&#8220;.vc_custom_1530688567069{margin-top: 0px !important;margin-bottom: 0px !important;padding-top: 0px !important;padding-right: 15px !important;padding-bottom: 0px !important;padding-left: 15px !important;}&#8220; offset=&#8220;vc_col-lg-6 vc_col-md-6 vc_col-xs-12&#8243;][vc_column_text css=&#8220;.vc_custom_1722521534618{margin-top: 0px !important;margin-bottom: 0px !important;border-top-width: 0px !important;padding-top: 0px !important;padding-right: 50px !important;padding-bottom: 50px !important;padding-left: 50px !important;}&#8220;] Geschichtliches [&hellip;]<\/p>\n","protected":false},"author":1,"featured_media":0,"parent":0,"menu_order":0,"comment_status":"closed","ping_status":"closed","template":"","meta":{"footnotes":""},"class_list":["post-8074","page","type-page","status-publish","hentry"],"yoast_head":"<!-- This site is optimized with the Yoast SEO plugin v27.5 - https:\/\/yoast.com\/product\/yoast-seo-wordpress\/ -->\n<title>Die Geschichte des Hauses - Auberge du C\u00e8dre | H\u00f4tel &amp; Restaurant en Pic Saint-Loup<\/title>\n<meta name=\"robots\" content=\"index, follow, max-snippet:-1, max-image-preview:large, max-video-preview:-1\" \/>\n<link rel=\"canonical\" href=\"https:\/\/auberge-du-cedre.com\/de\/geschichte\/\" \/>\n<meta property=\"og:locale\" content=\"de_DE\" \/>\n<meta property=\"og:type\" content=\"article\" \/>\n<meta property=\"og:title\" content=\"Die Geschichte des Hauses - Auberge du C\u00e8dre | H\u00f4tel &amp; Restaurant en Pic Saint-Loup\" \/>\n<meta property=\"og:description\" content=\"[vc_row full_width=&#8220;stretch_row_content_no_spaces&#8220; equal_height=&#8220;yes&#8220; content_placement=&#8220;middle&#8220; css=&#8220;.vc_custom_1530554868140{margin-top: 0px !important;margin-right: 0px !important;margin-bottom: 0px !important;margin-left: 0px !important;border-right-width: 0px !important;border-left-width: 0px !important;padding-top: 0px !important;padding-right: 0px !important;padding-left: 0px !important;}&#8220;][vc_column css=&#8220;.vc_custom_1530688567069{margin-top: 0px !important;margin-bottom: 0px !important;padding-top: 0px !important;padding-right: 15px !important;padding-bottom: 0px !important;padding-left: 15px !important;}&#8220; offset=&#8220;vc_col-lg-6 vc_col-md-6 vc_col-xs-12&#8243;][vc_column_text css=&#8220;.vc_custom_1722521534618{margin-top: 0px !important;margin-bottom: 0px !important;border-top-width: 0px !important;padding-top: 0px !important;padding-right: 50px !important;padding-bottom: 50px !important;padding-left: 50px !important;}&#8220;] Geschichtliches [&hellip;]\" \/>\n<meta property=\"og:url\" content=\"https:\/\/auberge-du-cedre.com\/de\/geschichte\/\" \/>\n<meta property=\"og:site_name\" content=\"Auberge du C\u00e8dre | H\u00f4tel &amp; Restaurant en Pic Saint-Loup\" \/>\n<meta property=\"article:publisher\" content=\"https:\/\/www.facebook.com\/aubergeducedre\" \/>\n<meta property=\"article:modified_time\" content=\"2024-09-05T14:29:19+00:00\" \/>\n<meta name=\"twitter:card\" content=\"summary_large_image\" \/>\n<meta name=\"twitter:label1\" content=\"Gesch\u00e4tzte Lesezeit\" \/>\n\t<meta name=\"twitter:data1\" content=\"5\u00a0Minuten\" \/>\n<script type=\"application\/ld+json\" class=\"yoast-schema-graph\">{\"@context\":\"https:\\\/\\\/schema.org\",\"@graph\":[{\"@type\":\"WebPage\",\"@id\":\"https:\\\/\\\/auberge-du-cedre.com\\\/de\\\/geschichte\\\/\",\"url\":\"https:\\\/\\\/auberge-du-cedre.com\\\/de\\\/geschichte\\\/\",\"name\":\"Die Geschichte des Hauses - Auberge du C\u00e8dre | H\u00f4tel &amp; Restaurant en Pic Saint-Loup\",\"isPartOf\":{\"@id\":\"https:\\\/\\\/auberge-du-cedre.com\\\/#website\"},\"datePublished\":\"2018-07-03T18:19:18+00:00\",\"dateModified\":\"2024-09-05T14:29:19+00:00\",\"breadcrumb\":{\"@id\":\"https:\\\/\\\/auberge-du-cedre.com\\\/de\\\/geschichte\\\/#breadcrumb\"},\"inLanguage\":\"de\",\"potentialAction\":[{\"@type\":\"ReadAction\",\"target\":[\"https:\\\/\\\/auberge-du-cedre.com\\\/de\\\/geschichte\\\/\"]}]},{\"@type\":\"BreadcrumbList\",\"@id\":\"https:\\\/\\\/auberge-du-cedre.com\\\/de\\\/geschichte\\\/#breadcrumb\",\"itemListElement\":[{\"@type\":\"ListItem\",\"position\":1,\"name\":\"Accueil\",\"item\":\"https:\\\/\\\/auberge-du-cedre.com\\\/de\\\/\"},{\"@type\":\"ListItem\",\"position\":2,\"name\":\"Die Geschichte des Hauses\"}]},{\"@type\":\"WebSite\",\"@id\":\"https:\\\/\\\/auberge-du-cedre.com\\\/#website\",\"url\":\"https:\\\/\\\/auberge-du-cedre.com\\\/\",\"name\":\"Auberge du C\u00e8dre | H\u00f4tel &amp; Restaurant en Pic Saint-Loup\",\"description\":\"Languedoc\",\"potentialAction\":[{\"@type\":\"SearchAction\",\"target\":{\"@type\":\"EntryPoint\",\"urlTemplate\":\"https:\\\/\\\/auberge-du-cedre.com\\\/?s={search_term_string}\"},\"query-input\":{\"@type\":\"PropertyValueSpecification\",\"valueRequired\":true,\"valueName\":\"search_term_string\"}}],\"inLanguage\":\"de\"}]}<\/script>\n<!-- \/ Yoast SEO plugin. -->","yoast_head_json":{"title":"Die Geschichte des Hauses - Auberge du C\u00e8dre | H\u00f4tel &amp; Restaurant en Pic Saint-Loup","robots":{"index":"index","follow":"follow","max-snippet":"max-snippet:-1","max-image-preview":"max-image-preview:large","max-video-preview":"max-video-preview:-1"},"canonical":"https:\/\/auberge-du-cedre.com\/de\/geschichte\/","og_locale":"de_DE","og_type":"article","og_title":"Die Geschichte des Hauses - Auberge du C\u00e8dre | H\u00f4tel &amp; Restaurant en Pic Saint-Loup","og_description":"[vc_row full_width=&#8220;stretch_row_content_no_spaces&#8220; equal_height=&#8220;yes&#8220; content_placement=&#8220;middle&#8220; css=&#8220;.vc_custom_1530554868140{margin-top: 0px !important;margin-right: 0px !important;margin-bottom: 0px !important;margin-left: 0px !important;border-right-width: 0px !important;border-left-width: 0px !important;padding-top: 0px !important;padding-right: 0px !important;padding-left: 0px !important;}&#8220;][vc_column css=&#8220;.vc_custom_1530688567069{margin-top: 0px !important;margin-bottom: 0px !important;padding-top: 0px !important;padding-right: 15px !important;padding-bottom: 0px !important;padding-left: 15px !important;}&#8220; offset=&#8220;vc_col-lg-6 vc_col-md-6 vc_col-xs-12&#8243;][vc_column_text css=&#8220;.vc_custom_1722521534618{margin-top: 0px !important;margin-bottom: 0px !important;border-top-width: 0px !important;padding-top: 0px !important;padding-right: 50px !important;padding-bottom: 50px !important;padding-left: 50px !important;}&#8220;] Geschichtliches [&hellip;]","og_url":"https:\/\/auberge-du-cedre.com\/de\/geschichte\/","og_site_name":"Auberge du C\u00e8dre | H\u00f4tel &amp; Restaurant en Pic Saint-Loup","article_publisher":"https:\/\/www.facebook.com\/aubergeducedre","article_modified_time":"2024-09-05T14:29:19+00:00","twitter_card":"summary_large_image","twitter_misc":{"Gesch\u00e4tzte Lesezeit":"5\u00a0Minuten"},"schema":{"@context":"https:\/\/schema.org","@graph":[{"@type":"WebPage","@id":"https:\/\/auberge-du-cedre.com\/de\/geschichte\/","url":"https:\/\/auberge-du-cedre.com\/de\/geschichte\/","name":"Die Geschichte des Hauses - Auberge du C\u00e8dre | H\u00f4tel &amp; Restaurant en Pic Saint-Loup","isPartOf":{"@id":"https:\/\/auberge-du-cedre.com\/#website"},"datePublished":"2018-07-03T18:19:18+00:00","dateModified":"2024-09-05T14:29:19+00:00","breadcrumb":{"@id":"https:\/\/auberge-du-cedre.com\/de\/geschichte\/#breadcrumb"},"inLanguage":"de","potentialAction":[{"@type":"ReadAction","target":["https:\/\/auberge-du-cedre.com\/de\/geschichte\/"]}]},{"@type":"BreadcrumbList","@id":"https:\/\/auberge-du-cedre.com\/de\/geschichte\/#breadcrumb","itemListElement":[{"@type":"ListItem","position":1,"name":"Accueil","item":"https:\/\/auberge-du-cedre.com\/de\/"},{"@type":"ListItem","position":2,"name":"Die Geschichte des Hauses"}]},{"@type":"WebSite","@id":"https:\/\/auberge-du-cedre.com\/#website","url":"https:\/\/auberge-du-cedre.com\/","name":"Auberge du C\u00e8dre | H\u00f4tel &amp; Restaurant en Pic Saint-Loup","description":"Languedoc","potentialAction":[{"@type":"SearchAction","target":{"@type":"EntryPoint","urlTemplate":"https:\/\/auberge-du-cedre.com\/?s={search_term_string}"},"query-input":{"@type":"PropertyValueSpecification","valueRequired":true,"valueName":"search_term_string"}}],"inLanguage":"de"}]}},"_links":{"self":[{"href":"https:\/\/auberge-du-cedre.com\/de\/wp-json\/wp\/v2\/pages\/8074","targetHints":{"allow":["GET"]}}],"collection":[{"href":"https:\/\/auberge-du-cedre.com\/de\/wp-json\/wp\/v2\/pages"}],"about":[{"href":"https:\/\/auberge-du-cedre.com\/de\/wp-json\/wp\/v2\/types\/page"}],"author":[{"embeddable":true,"href":"https:\/\/auberge-du-cedre.com\/de\/wp-json\/wp\/v2\/users\/1"}],"replies":[{"embeddable":true,"href":"https:\/\/auberge-du-cedre.com\/de\/wp-json\/wp\/v2\/comments?post=8074"}],"version-history":[{"count":16,"href":"https:\/\/auberge-du-cedre.com\/de\/wp-json\/wp\/v2\/pages\/8074\/revisions"}],"predecessor-version":[{"id":33112,"href":"https:\/\/auberge-du-cedre.com\/de\/wp-json\/wp\/v2\/pages\/8074\/revisions\/33112"}],"wp:attachment":[{"href":"https:\/\/auberge-du-cedre.com\/de\/wp-json\/wp\/v2\/media?parent=8074"}],"curies":[{"name":"wp","href":"https:\/\/api.w.org\/{rel}","templated":true}]}}