{"id":8255,"date":"2018-07-02T19:22:54","date_gmt":"2018-07-02T19:22:54","guid":{"rendered":"http:\/\/auberge-du-cedre.com\/bons-cadeaux\/"},"modified":"2025-11-25T11:34:00","modified_gmt":"2025-11-25T10:34:00","slug":"gift-vouchers","status":"publish","type":"page","link":"https:\/\/auberge-du-cedre.com\/en\/gift-vouchers\/","title":{"rendered":"Gift vouchers"},"content":{"rendered":"<div class=\"wpb-content-wrapper\"><p>[vc_row full_width=&#8221;stretch_row_content_no_spaces&#8221;][vc_column width=&#8221;1\/4&#8243;][vc_single_image image=&#8221;7055&#8243; img_size=&#8221;300*205&#8243; alignment=&#8221;center&#8221; css=&#8221;.vc_custom_1544461352618{padding-top: 30px !important;padding-left: 50px !important;}&#8221;][\/vc_column][vc_column width=&#8221;3\/4&#8243;][vc_column_text css=&#8221;.vc_custom_1541525815734{padding-right: 50px !important;padding-left: 50px !important;}&#8221;]<\/p>\n<h1><span style=\"color: #808080; font-size: 2.4rem;\">our gift vouchers<\/span><\/h1>\n<p>Whatever the occasion, look no further: we propose you some \u201chomemade\u201d gifts, to live by, to savour, for those you love &#8211; the choice is yours!<\/p>\n<p>Upon receipt of your request and your payment by cheque, bank transfer, or credit card (via a secured internet link), we\u2019ll establish a voucher on behalf of the beneficiaries and forward it to you by email or postal dispatch.[\/vc_column_text][\/vc_column][\/vc_row][vc_row full_width=&#8221;stretch_row_content_no_spaces&#8221; equal_height=&#8221;yes&#8221;][vc_column width=&#8221;1\/5&#8243; offset=&#8221;vc_col-lg-1\/5 vc_col-md-1\/5 vc_hidden-sm vc_col-xs-12 vc_hidden-xs&#8221;][vc_single_image image=&#8221;3705&#8243; alignment=&#8221;center&#8221;][vc_column_text css=&#8221;.vc_custom_1764066436221{padding-right: 50px !important;padding-left: 50px !important;}&#8221;]<\/p>\n<h2>\u00a0the T\u00eate \u00e0 t\u00eate<\/h2>\n<p>1 Tartinette to share (free of charge)<\/p>\n<p>1 aperitif,<br \/>\n1 seasonal menu,<br \/>\n1 glass of wine<br \/>\n1 hot drink<\/p>\n<p>(per person)[\/vc_column_text][\/vc_column][vc_column width=&#8221;1\/5&#8243; offset=&#8221;vc_col-lg-1\/5 vc_col-md-1\/5 vc_hidden-sm vc_col-xs-12 vc_hidden-xs&#8221;][vc_single_image image=&#8221;3709&#8243; alignment=&#8221;center&#8221;][vc_column_text css=&#8221;.vc_custom_1732024872026{margin-bottom: 0px !important;border-bottom-width: 0px !important;padding-bottom: 20px !important;padding-left: 50px !important;}&#8221;]<\/p>\n<h2>Weekend au C\u00e8dre<\/h2>\n<p>(except high season)<\/p>\n<p>the T\u00eate \u00e0 t\u00eate<br \/>\n1 night in a double room,<br \/>\nbreakfast buffet[\/vc_column_text][\/vc_column][vc_column width=&#8221;1\/5&#8243; offset=&#8221;vc_col-lg-1\/5 vc_col-md-1\/5 vc_hidden-sm vc_col-xs-12 vc_hidden-xs&#8221;][vc_single_image image=&#8221;3857&#8243; alignment=&#8221;center&#8221;][vc_column_text css=&#8221;.vc_custom_1732024928944{padding-left: 50px !important;}&#8221;]<\/p>\n<h2>Holiday discovery<\/h2>\n<p>(except high season)<\/p>\n<p>2 nights half-board<br \/>\nin a double room<\/p>\n<p>1 Tartinette to share free of charge[\/vc_column_text][\/vc_column][vc_column width=&#8221;1\/5&#8243; offset=&#8221;vc_col-lg-1\/5 vc_col-md-1\/5 vc_hidden-sm vc_col-xs-12 vc_hidden-xs&#8221;][vc_single_image image=&#8221;30926&#8243; alignment=&#8221;center&#8221;][vc_column_text css=&#8221;.vc_custom_1702648397610{padding-right: 10px !important;padding-left: 20px !important;}&#8221;]<\/p>\n<h2>VintageExtravaganza<\/h2>\n<p style=\"text-align: left;\">The very special gift: a stay in our cosy american caravans from the golden fifties.<br \/>\n2 nights including buffet breakfast<\/p>\n<p>[\/vc_column_text][\/vc_column][vc_column width=&#8221;1\/5&#8243; offset=&#8221;vc_col-lg-1\/5 vc_col-md-1\/5 vc_hidden-sm vc_hidden-xs&#8221;][vc_single_image image=&#8221;3693&#8243; alignment=&#8221;center&#8221;][vc_column_text css=&#8221;.vc_custom_1544632661921{padding-right: 50px !important;padding-left: 50px !important;}&#8221;]<\/p>\n<h2>Free amount gift<\/h2>\n<p style=\"text-align: left;\">A flexible gift certificate for the purchase of any service offered by the Auberge.<br \/>\nThe choice is yours!<\/p>\n<p>[\/vc_column_text][\/vc_column][\/vc_row][vc_row full_width=&#8221;stretch_row_content_no_spaces&#8221; equal_height=&#8221;yes&#8221;][vc_column width=&#8221;1\/5&#8243; offset=&#8221;vc_col-lg-1\/5 vc_col-md-1\/5 vc_hidden-sm vc_col-xs-12 vc_hidden-xs&#8221;][vc_btn title=&#8221;99 \u20ac for 2 persons&#8221; style=&#8221;outline&#8221; color=&#8221;warning&#8221; align=&#8221;left&#8221; i_icon_fontawesome=&#8221;fas fa-gift&#8221; css=&#8221;.vc_custom_1702983134760{padding-left: 50px !important;}&#8221; add_icon=&#8221;true&#8221; link=&#8221;url:https%3A%2F%2Fauberge-du-cedre.com%2Fen%2Fgift-voucher-request%2F|||&#8221;][vc_column_text css=&#8221;.vc_custom_1732023483769{margin-bottom: 0px !important;border-bottom-width: 0px !important;padding-right: 30px !important;padding-bottom: 15px !important;padding-left: 30px !important;}&#8221;]<\/p>\n<h2>\u00a0the T\u00eate \u00e0 t\u00eate gourmand<\/h2>\n<p>The T\u00eate \u00e0 t\u00eate including cheese platter[\/vc_column_text][vc_btn title=&#8221;119 \u20ac for 2 persons&#8221; style=&#8221;outline&#8221; color=&#8221;warning&#8221; align=&#8221;left&#8221; i_icon_fontawesome=&#8221;fas fa-gift&#8221; css=&#8221;.vc_custom_1732023328910{margin-top: 0px !important;border-top-width: 0px !important;padding-top: 0px !important;padding-bottom: 25px !important;padding-left: 50px !important;}&#8221; add_icon=&#8221;true&#8221; link=&#8221;url:https%3A%2F%2Fauberge-du-cedre.com%2Fen%2Fgift-voucher-request%2F|||&#8221;][\/vc_column][vc_column width=&#8221;1\/5&#8243; offset=&#8221;vc_col-lg-1\/5 vc_col-md-1\/5 vc_hidden-sm vc_col-xs-12 vc_hidden-xs&#8221;][vc_btn title=&#8221;258 \u20ac for 2 persons&#8221; style=&#8221;outline&#8221; color=&#8221;warning&#8221; align=&#8221;left&#8221; i_icon_fontawesome=&#8221;fas fa-gift&#8221; css=&#8221;.vc_custom_1764066546400{padding-bottom: 10px !important;padding-left: 50px !important;}&#8221; add_icon=&#8221;true&#8221; link=&#8221;url:https%3A%2F%2Fauberge-du-cedre.com%2Fen%2Fgift-voucher-request%2F|||&#8221;][vc_column_text css=&#8221;.vc_custom_1732024713178{margin-bottom: 0px !important;border-bottom-width: 0px !important;padding-right: 50px !important;padding-bottom: 15px !important;padding-left: 50px !important;}&#8221;]+ a bottle of wine paired to match the meal<\/p>\n<p>( in a selection of our wine list)<\/p>\n<p>[\/vc_column_text][vc_btn title=&#8221;296 \u20ac for 2 persons&#8221; style=&#8221;outline&#8221; color=&#8221;warning&#8221; align=&#8221;left&#8221; i_icon_fontawesome=&#8221;fas fa-gift&#8221; css=&#8221;.vc_custom_1764066555860{margin-top: 0px !important;border-top-width: 0px !important;padding-top: 0px !important;padding-bottom: 25px !important;padding-left: 50px !important;}&#8221; add_icon=&#8221;true&#8221; link=&#8221;url:https%3A%2F%2Fauberge-du-cedre.com%2Fen%2Fgift-voucher-request%2F|||&#8221;][\/vc_column][vc_column width=&#8221;1\/5&#8243; offset=&#8221;vc_col-lg-1\/5 vc_col-md-1\/5 vc_hidden-sm vc_col-xs-12 vc_hidden-xs&#8221;][vc_btn title=&#8221;382 \u20ac for 2 persons&#8221; style=&#8221;outline&#8221; color=&#8221;warning&#8221; align=&#8221;left&#8221; i_icon_fontawesome=&#8221;fas fa-gift&#8221; css=&#8221;.vc_custom_1764066577196{padding-left: 50px !important;}&#8221; add_icon=&#8221;true&#8221; link=&#8221;url:https%3A%2F%2Fauberge-du-cedre.com%2Fen%2Fgift-voucher-request%2F|||&#8221;][\/vc_column][vc_column width=&#8221;1\/5&#8243; offset=&#8221;vc_col-lg-1\/5 vc_col-md-1\/5 vc_hidden-sm vc_col-xs-12 vc_hidden-xs&#8221;][vc_btn title=&#8221;363 \u20ac for 2 persons&#8221; style=&#8221;outline&#8221; color=&#8221;warning&#8221; align=&#8221;left&#8221; i_icon_fontawesome=&#8221;fas fa-gift&#8221; css=&#8221;.vc_custom_1764066591820{padding-left: 50px !important;}&#8221; add_icon=&#8221;true&#8221; link=&#8221;url:https%3A%2F%2Fauberge-du-cedre.com%2Fen%2Fgift-voucher-request%2F|||&#8221;][\/vc_column][vc_column width=&#8221;1\/5&#8243; offset=&#8221;vc_col-lg-1\/5 vc_col-md-1\/5 vc_hidden-sm vc_hidden-xs&#8221;][vc_btn title=&#8221;Free amount&#8221; style=&#8221;outline&#8221; color=&#8221;warning&#8221; align=&#8221;left&#8221; i_icon_fontawesome=&#8221;fas fa-gift&#8221; css=&#8221;.vc_custom_1702648501467{padding-left: 50px !important;}&#8221; add_icon=&#8221;true&#8221; link=&#8221;url:https%3A%2F%2Fauberge-du-cedre.com%2Fen%2Fgift-voucher-request%2F|||&#8221;][\/vc_column][\/vc_row][vc_row full_width=&#8221;stretch_row_content_no_spaces&#8221; equal_height=&#8221;yes&#8221;][vc_column width=&#8221;1\/5&#8243; offset=&#8221;vc_col-lg-1\/5 vc_hidden-lg vc_col-md-1\/5 vc_hidden-md vc_col-xs-12&#8243;][vc_single_image image=&#8221;3705&#8243; alignment=&#8221;center&#8221;][vc_column_text css=&#8221;.vc_custom_1764066613123{margin-bottom: 0px !important;border-bottom-width: 0px !important;padding-right: 50px !important;padding-bottom: 25px !important;padding-left: 50px !important;}&#8221;]<\/p>\n<h2>T\u00eate \u00e0 T\u00eate<\/h2>\n<p>1 Tartinette to share\u00a0 (free of charge)<\/p>\n<p>1 aperitif,<br \/>\n1 seasonal menu,<br \/>\n1 glass of wine<\/p>\n<p style=\"text-align: left;\">1 hot drink<\/p>\n<p>( per person)[\/vc_column_text][vc_btn title=&#8221;99 \u20ac for 2 persons&#8221; style=&#8221;outline&#8221; color=&#8221;warning&#8221; align=&#8221;left&#8221; i_icon_fontawesome=&#8221;fas fa-gift&#8221; css=&#8221;.vc_custom_1702983229727{margin-top: 0px !important;border-top-width: 0px !important;padding-top: 0px !important;padding-bottom: 40px !important;padding-left: 50px !important;}&#8221; add_icon=&#8221;true&#8221; link=&#8221;url:https%3A%2F%2Fauberge-du-cedre.com%2Fen%2Fgift-voucher-request%2F|||&#8221;][vc_column_text css=&#8221;.vc_custom_1732025447194{margin-bottom: 0px !important;border-bottom-width: 0px !important;padding-right: 50px !important;padding-bottom: 15px !important;padding-left: 50px !important;}&#8221;]<\/p>\n<h2>T\u00eate \u00e0 t\u00eate gourmand<\/h2>\n<p style=\"text-align: left;\">The t\u00eate \u00e0 t\u00eate including cheese platter<\/p>\n<p>[\/vc_column_text][vc_btn title=&#8221;119 \u20ac for 2 persons&#8221; style=&#8221;outline&#8221; color=&#8221;warning&#8221; align=&#8221;left&#8221; i_icon_fontawesome=&#8221;fas fa-gift&#8221; css=&#8221;.vc_custom_1732023850880{padding-bottom: 10px !important;padding-left: 50px !important;}&#8221; add_icon=&#8221;true&#8221; link=&#8221;url:https%3A%2F%2Fauberge-du-cedre.com%2Fen%2Fgift-voucher-request%2F|||&#8221;][\/vc_column][vc_column width=&#8221;1\/5&#8243; offset=&#8221;vc_col-lg-1\/5 vc_hidden-lg vc_col-md-1\/5 vc_hidden-md vc_col-xs-12&#8243;][vc_single_image image=&#8221;3709&#8243; alignment=&#8221;center&#8221;][vc_column_text css=&#8221;.vc_custom_1732024815987{margin-bottom: 0px !important;border-bottom-width: 0px !important;padding-right: 50px !important;padding-bottom: 25px !important;padding-left: 50px !important;}&#8221;]<\/p>\n<h2>Weekend au C\u00e8dre<\/h2>\n<p style=\"text-align: left;\">(except high season)<\/p>\n<p>the T\u00eate \u00e0 t\u00eate,<br \/>\n1 night in a double room,<br \/>\nbreakfast buffet.[\/vc_column_text][vc_btn title=&#8221;258 \u20ac for 2 persons&#8221; style=&#8221;outline&#8221; color=&#8221;warning&#8221; align=&#8221;left&#8221; i_icon_fontawesome=&#8221;fas fa-gift&#8221; css=&#8221;.vc_custom_1764066631117{padding-bottom: 10px !important;padding-left: 50px !important;}&#8221; add_icon=&#8221;true&#8221; link=&#8221;url:https%3A%2F%2Fauberge-du-cedre.com%2Fen%2Fgift-voucher-request%2F|||&#8221;][vc_column_text css=&#8221;.vc_custom_1732024455803{margin-bottom: 0px !important;border-bottom-width: 0px !important;padding-right: 50px !important;padding-bottom: 15px !important;padding-left: 50px !important;}&#8221;]<\/p>\n<p style=\"text-align: left;\">+ a bottle of wine paired to match the meal<\/p>\n<p>( in a selection of our wine list)[\/vc_column_text][vc_btn title=&#8221;296 \u20ac for 2 persons&#8221; style=&#8221;outline&#8221; color=&#8221;warning&#8221; align=&#8221;left&#8221; i_icon_fontawesome=&#8221;fas fa-gift&#8221; css=&#8221;.vc_custom_1764066641085{margin-top: 0px !important;border-top-width: 0px !important;padding-top: 0px !important;padding-bottom: 40px !important;padding-left: 50px !important;}&#8221; add_icon=&#8221;true&#8221; link=&#8221;url:https%3A%2F%2Fauberge-du-cedre.com%2Fen%2Fgift-voucher-request%2F|||&#8221;][\/vc_column][vc_column width=&#8221;1\/5&#8243; offset=&#8221;vc_col-lg-1\/5 vc_hidden-lg vc_col-md-1\/5 vc_hidden-md vc_col-xs-12&#8243;][vc_single_image image=&#8221;3857&#8243; alignment=&#8221;center&#8221;][vc_column_text css=&#8221;.vc_custom_1732025540370{margin-bottom: 0px !important;border-bottom-width: 0px !important;padding-right: 50px !important;padding-bottom: 25px !important;padding-left: 50px !important;}&#8221;]<\/p>\n<h2>Holiday discovery<\/h2>\n<p style=\"text-align: left;\">(except high season)<\/p>\n<p style=\"text-align: left;\">2 nights half-board<br \/>\nin a double room<\/p>\n<p>1 Tartinette to share, free of charge[\/vc_column_text][vc_btn title=&#8221;382 \u20ac for 2 persons&#8221; style=&#8221;outline&#8221; color=&#8221;warning&#8221; align=&#8221;left&#8221; i_icon_fontawesome=&#8221;fas fa-gift&#8221; css=&#8221;.vc_custom_1764066727107{margin-top: 0px !important;border-top-width: 0px !important;padding-top: 0px !important;padding-bottom: 40px !important;padding-left: 50px !important;}&#8221; add_icon=&#8221;true&#8221; link=&#8221;url:https%3A%2F%2Fauberge-du-cedre.com%2Fen%2Fgift-voucher-request%2F|||&#8221;][\/vc_column][vc_column width=&#8221;1\/5&#8243; offset=&#8221;vc_col-lg-3 vc_hidden-lg vc_col-md-3 vc_hidden-md vc_col-xs-12&#8243;][vc_single_image image=&#8221;30926&#8243; alignment=&#8221;center&#8221;][vc_column_text css=&#8221;.vc_custom_1702649019969{margin-bottom: 0px !important;border-bottom-width: 0px !important;padding-right: 50px !important;padding-bottom: 25px !important;padding-left: 50px !important;}&#8221;]<\/p>\n<h2>Vintage extravaganza<\/h2>\n<p>The very special gift: a stay in our cosy american caravans from the golden fifties.<br \/>\n2 nights including buffet breakfast[\/vc_column_text][vc_btn title=&#8221;363 \u20ac for 2 persons&#8221; style=&#8221;outline&#8221; color=&#8221;warning&#8221; align=&#8221;left&#8221; i_icon_fontawesome=&#8221;fas fa-gift&#8221; css=&#8221;.vc_custom_1764066743089{margin-top: 0px !important;border-top-width: 0px !important;padding-top: 0px !important;padding-bottom: 40px !important;padding-left: 50px !important;}&#8221; add_icon=&#8221;true&#8221; link=&#8221;url:https%3A%2F%2Fauberge-du-cedre.com%2Fen%2Fgift-voucher-request%2F|||&#8221;][\/vc_column][vc_column width=&#8221;1\/5&#8243; offset=&#8221;vc_col-lg-1\/5 vc_hidden-lg vc_col-md-1\/5 vc_hidden-md&#8221;][vc_single_image image=&#8221;3693&#8243; alignment=&#8221;center&#8221;][vc_column_text css=&#8221;.vc_custom_1544463052324{margin-bottom: 0px !important;border-bottom-width: 0px !important;padding-right: 50px !important;padding-bottom: 25px !important;padding-left: 50px !important;}&#8221;]<\/p>\n<h2>Free amount gift<\/h2>\n<p style=\"text-align: left;\">A flexible gift certificate for the purchase of any service offered by the Auberge.<br \/>\nThe choice is yours!<\/p>\n<p>[\/vc_column_text][vc_btn title=&#8221;Free amount&#8221; style=&#8221;outline&#8221; color=&#8221;warning&#8221; align=&#8221;left&#8221; i_icon_fontawesome=&#8221;&#8221; css=&#8221;.vc_custom_1702649098186{margin-top: 0px !important;border-top-width: 0px !important;padding-top: 0px !important;padding-bottom: 40px !important;padding-left: 50px !important;}&#8221; add_icon=&#8221;true&#8221; link=&#8221;url:https%3A%2F%2Fauberge-du-cedre.com%2Fen%2Fgift-voucher-request%2F|||&#8221;][\/vc_column][\/vc_row]<\/p>\n<\/div>","protected":false},"excerpt":{"rendered":"<p>[vc_row full_width=&#8221;stretch_row_content_no_spaces&#8221;][vc_column width=&#8221;1\/4&#8243;][vc_single_image image=&#8221;7055&#8243; img_size=&#8221;300*205&#8243; alignment=&#8221;center&#8221; css=&#8221;.vc_custom_1544461352618{padding-top: 30px !important;padding-left: 50px !important;}&#8221;][\/vc_column][vc_column width=&#8221;3\/4&#8243;][vc_column_text css=&#8221;.vc_custom_1541525815734{padding-right: 50px !important;padding-left: 50px !important;}&#8221;] our gift vouchers Whatever the occasion, look no further: we propose you some \u201chomemade\u201d gifts, to live by, to savour, for those you love &#8211; the choice is yours! Upon receipt of your request and your payment by [&hellip;]<\/p>\n","protected":false},"author":1,"featured_media":0,"parent":0,"menu_order":0,"comment_status":"closed","ping_status":"closed","template":"","meta":{"footnotes":""},"class_list":["post-8255","page","type-page","status-publish","hentry"],"yoast_head":"<!-- This site is optimized with the Yoast SEO plugin v27.5 - https:\/\/yoast.com\/product\/yoast-seo-wordpress\/ -->\n<title>Gift vouchers - Auberge du C\u00e8dre | H\u00f4tel &amp; Restaurant en Pic Saint-Loup<\/title>\n<meta name=\"robots\" content=\"index, follow, max-snippet:-1, max-image-preview:large, max-video-preview:-1\" \/>\n<link rel=\"canonical\" href=\"https:\/\/auberge-du-cedre.com\/en\/gift-vouchers\/\" \/>\n<meta property=\"og:locale\" content=\"en_US\" \/>\n<meta property=\"og:type\" content=\"article\" \/>\n<meta property=\"og:title\" content=\"Gift vouchers - Auberge du C\u00e8dre | H\u00f4tel &amp; Restaurant en Pic Saint-Loup\" \/>\n<meta property=\"og:description\" content=\"[vc_row full_width=&#8221;stretch_row_content_no_spaces&#8221;][vc_column width=&#8221;1\/4&#8243;][vc_single_image image=&#8221;7055&#8243; img_size=&#8221;300*205&#8243; alignment=&#8221;center&#8221; css=&#8221;.vc_custom_1544461352618{padding-top: 30px !important;padding-left: 50px !important;}&#8221;][\/vc_column][vc_column width=&#8221;3\/4&#8243;][vc_column_text css=&#8221;.vc_custom_1541525815734{padding-right: 50px !important;padding-left: 50px !important;}&#8221;] our gift vouchers Whatever the occasion, look no further: we propose you some \u201chomemade\u201d gifts, to live by, to savour, for those you love &#8211; the choice is yours! Upon receipt of your request and your payment by [&hellip;]\" \/>\n<meta property=\"og:url\" content=\"https:\/\/auberge-du-cedre.com\/en\/gift-vouchers\/\" \/>\n<meta property=\"og:site_name\" content=\"Auberge du C\u00e8dre | H\u00f4tel &amp; Restaurant en Pic Saint-Loup\" \/>\n<meta property=\"article:publisher\" content=\"https:\/\/www.facebook.com\/aubergeducedre\" \/>\n<meta property=\"article:modified_time\" content=\"2025-11-25T10:34:00+00:00\" \/>\n<meta name=\"twitter:card\" content=\"summary_large_image\" \/>\n<meta name=\"twitter:label1\" content=\"Est. reading time\" \/>\n\t<meta name=\"twitter:data1\" content=\"7 minutes\" \/>\n<script type=\"application\/ld+json\" class=\"yoast-schema-graph\">{\"@context\":\"https:\\\/\\\/schema.org\",\"@graph\":[{\"@type\":\"WebPage\",\"@id\":\"https:\\\/\\\/auberge-du-cedre.com\\\/en\\\/gift-vouchers\\\/\",\"url\":\"https:\\\/\\\/auberge-du-cedre.com\\\/en\\\/gift-vouchers\\\/\",\"name\":\"Gift vouchers - Auberge du C\u00e8dre | H\u00f4tel &amp; Restaurant en Pic Saint-Loup\",\"isPartOf\":{\"@id\":\"https:\\\/\\\/auberge-du-cedre.com\\\/#website\"},\"datePublished\":\"2018-07-02T19:22:54+00:00\",\"dateModified\":\"2025-11-25T10:34:00+00:00\",\"breadcrumb\":{\"@id\":\"https:\\\/\\\/auberge-du-cedre.com\\\/en\\\/gift-vouchers\\\/#breadcrumb\"},\"inLanguage\":\"en-US\",\"potentialAction\":[{\"@type\":\"ReadAction\",\"target\":[\"https:\\\/\\\/auberge-du-cedre.com\\\/en\\\/gift-vouchers\\\/\"]}]},{\"@type\":\"BreadcrumbList\",\"@id\":\"https:\\\/\\\/auberge-du-cedre.com\\\/en\\\/gift-vouchers\\\/#breadcrumb\",\"itemListElement\":[{\"@type\":\"ListItem\",\"position\":1,\"name\":\"Accueil\",\"item\":\"https:\\\/\\\/auberge-du-cedre.com\\\/en\\\/\"},{\"@type\":\"ListItem\",\"position\":2,\"name\":\"Gift vouchers\"}]},{\"@type\":\"WebSite\",\"@id\":\"https:\\\/\\\/auberge-du-cedre.com\\\/#website\",\"url\":\"https:\\\/\\\/auberge-du-cedre.com\\\/\",\"name\":\"Auberge du C\u00e8dre | H\u00f4tel &amp; Restaurant en Pic Saint-Loup\",\"description\":\"Languedoc\",\"potentialAction\":[{\"@type\":\"SearchAction\",\"target\":{\"@type\":\"EntryPoint\",\"urlTemplate\":\"https:\\\/\\\/auberge-du-cedre.com\\\/?s={search_term_string}\"},\"query-input\":{\"@type\":\"PropertyValueSpecification\",\"valueRequired\":true,\"valueName\":\"search_term_string\"}}],\"inLanguage\":\"en-US\"}]}<\/script>\n<!-- \/ Yoast SEO plugin. -->","yoast_head_json":{"title":"Gift vouchers - Auberge du C\u00e8dre | H\u00f4tel &amp; Restaurant en Pic Saint-Loup","robots":{"index":"index","follow":"follow","max-snippet":"max-snippet:-1","max-image-preview":"max-image-preview:large","max-video-preview":"max-video-preview:-1"},"canonical":"https:\/\/auberge-du-cedre.com\/en\/gift-vouchers\/","og_locale":"en_US","og_type":"article","og_title":"Gift vouchers - Auberge du C\u00e8dre | H\u00f4tel &amp; Restaurant en Pic Saint-Loup","og_description":"[vc_row full_width=&#8221;stretch_row_content_no_spaces&#8221;][vc_column width=&#8221;1\/4&#8243;][vc_single_image image=&#8221;7055&#8243; img_size=&#8221;300*205&#8243; alignment=&#8221;center&#8221; css=&#8221;.vc_custom_1544461352618{padding-top: 30px !important;padding-left: 50px !important;}&#8221;][\/vc_column][vc_column width=&#8221;3\/4&#8243;][vc_column_text css=&#8221;.vc_custom_1541525815734{padding-right: 50px !important;padding-left: 50px !important;}&#8221;] our gift vouchers Whatever the occasion, look no further: we propose you some \u201chomemade\u201d gifts, to live by, to savour, for those you love &#8211; the choice is yours! Upon receipt of your request and your payment by [&hellip;]","og_url":"https:\/\/auberge-du-cedre.com\/en\/gift-vouchers\/","og_site_name":"Auberge du C\u00e8dre | H\u00f4tel &amp; Restaurant en Pic Saint-Loup","article_publisher":"https:\/\/www.facebook.com\/aubergeducedre","article_modified_time":"2025-11-25T10:34:00+00:00","twitter_card":"summary_large_image","twitter_misc":{"Est. reading time":"7 minutes"},"schema":{"@context":"https:\/\/schema.org","@graph":[{"@type":"WebPage","@id":"https:\/\/auberge-du-cedre.com\/en\/gift-vouchers\/","url":"https:\/\/auberge-du-cedre.com\/en\/gift-vouchers\/","name":"Gift vouchers - Auberge du C\u00e8dre | H\u00f4tel &amp; Restaurant en Pic Saint-Loup","isPartOf":{"@id":"https:\/\/auberge-du-cedre.com\/#website"},"datePublished":"2018-07-02T19:22:54+00:00","dateModified":"2025-11-25T10:34:00+00:00","breadcrumb":{"@id":"https:\/\/auberge-du-cedre.com\/en\/gift-vouchers\/#breadcrumb"},"inLanguage":"en-US","potentialAction":[{"@type":"ReadAction","target":["https:\/\/auberge-du-cedre.com\/en\/gift-vouchers\/"]}]},{"@type":"BreadcrumbList","@id":"https:\/\/auberge-du-cedre.com\/en\/gift-vouchers\/#breadcrumb","itemListElement":[{"@type":"ListItem","position":1,"name":"Accueil","item":"https:\/\/auberge-du-cedre.com\/en\/"},{"@type":"ListItem","position":2,"name":"Gift vouchers"}]},{"@type":"WebSite","@id":"https:\/\/auberge-du-cedre.com\/#website","url":"https:\/\/auberge-du-cedre.com\/","name":"Auberge du C\u00e8dre | H\u00f4tel &amp; Restaurant en Pic Saint-Loup","description":"Languedoc","potentialAction":[{"@type":"SearchAction","target":{"@type":"EntryPoint","urlTemplate":"https:\/\/auberge-du-cedre.com\/?s={search_term_string}"},"query-input":{"@type":"PropertyValueSpecification","valueRequired":true,"valueName":"search_term_string"}}],"inLanguage":"en-US"}]}},"_links":{"self":[{"href":"https:\/\/auberge-du-cedre.com\/en\/wp-json\/wp\/v2\/pages\/8255","targetHints":{"allow":["GET"]}}],"collection":[{"href":"https:\/\/auberge-du-cedre.com\/en\/wp-json\/wp\/v2\/pages"}],"about":[{"href":"https:\/\/auberge-du-cedre.com\/en\/wp-json\/wp\/v2\/types\/page"}],"author":[{"embeddable":true,"href":"https:\/\/auberge-du-cedre.com\/en\/wp-json\/wp\/v2\/users\/1"}],"replies":[{"embeddable":true,"href":"https:\/\/auberge-du-cedre.com\/en\/wp-json\/wp\/v2\/comments?post=8255"}],"version-history":[{"count":54,"href":"https:\/\/auberge-du-cedre.com\/en\/wp-json\/wp\/v2\/pages\/8255\/revisions"}],"predecessor-version":[{"id":34347,"href":"https:\/\/auberge-du-cedre.com\/en\/wp-json\/wp\/v2\/pages\/8255\/revisions\/34347"}],"wp:attachment":[{"href":"https:\/\/auberge-du-cedre.com\/en\/wp-json\/wp\/v2\/media?parent=8255"}],"curies":[{"name":"wp","href":"https:\/\/api.w.org\/{rel}","templated":true}]}}