{"id":8319,"date":"2018-07-25T09:18:16","date_gmt":"2018-07-25T09:18:16","guid":{"rendered":"http:\/\/auberge-du-cedre.com\/formulaire-bons-cadeaux\/"},"modified":"2018-12-11T15:05:21","modified_gmt":"2018-12-11T14:05:21","slug":"gift-voucher-request","status":"publish","type":"page","link":"https:\/\/auberge-du-cedre.com\/en\/gift-voucher-request\/","title":{"rendered":"Gift voucher request"},"content":{"rendered":"<div class=\"wpb-content-wrapper\"><p>[vc_row full_width=&#8221;stretch_row_content_no_spaces&#8221; full_height=&#8221;yes&#8221; columns_placement=&#8221;top&#8221; equal_height=&#8221;yes&#8221; content_placement=&#8221;middle&#8221; css=&#8221;.vc_custom_1532510287367{background-image: url(http:\/\/auberge-du-cedre.com\/wp-content\/uploads\/2018\/06\/hotel-restaurant-pic-saint-loup-auberge-du-cedre-2a.jpg?id=3680) !important;background-position: center !important;background-repeat: no-repeat !important;background-size: cover !important;}&#8221;][vc_column width=&#8221;1\/12&#8243; offset=&#8221;vc_col-lg-1 vc_col-md-1 vc_hidden-xs&#8221;][\/vc_column][vc_column width=&#8221;5\/6&#8243; css=&#8221;.vc_custom_1532439148100{margin-top: 0px !important;margin-right: 0px !important;margin-bottom: 0px !important;margin-left: 0px !important;border-top-width: 0px !important;border-right-width: 0px !important;border-bottom-width: 0px !important;border-left-width: 0px !important;padding-top: 0px !important;padding-right: 0px !important;padding-bottom: 0px !important;padding-left: 0px !important;}&#8221; offset=&#8221;vc_col-lg-5 vc_col-md-7 vc_col-xs-12&#8243;][vc_row_inner css=&#8221;.vc_custom_1532439219078{margin-top: 20px !important;margin-right: 0px !important;margin-bottom: 20px !important;margin-left: 0px !important;padding-right: 50px !important;padding-left: 50px !important;background-color: rgba(255,255,255,0.78) !important;*background-color: rgb(255,255,255) !important;}&#8221;][vc_column_inner css=&#8221;.vc_custom_1532439059163{margin-top: 0px !important;margin-right: 0px !important;margin-bottom: 0px !important;margin-left: 0px !important;border-top-width: 0px !important;border-right-width: 0px !important;border-bottom-width: 0px !important;border-left-width: 0px !important;padding-top: 0px !important;padding-right: 0px !important;padding-bottom: 0px !important;padding-left: 0px !important;}&#8221; offset=&#8221;vc_col-lg-12 vc_col-md-12 vc_hidden-xs&#8221;][vc_column_text css=&#8221;.vc_custom_1541585382473{margin-top: 0px !important;margin-right: 0px !important;margin-bottom: 0px !important;margin-left: 0px !important;border-top-width: 0px !important;border-right-width: 0px !important;border-bottom-width: 0px !important;border-left-width: 0px !important;padding-top: 0px !important;padding-right: 0px !important;padding-bottom: 0px !important;padding-left: 0px !important;}&#8221;]<\/p>\n<h1><span style=\"color: #808080; font-size: 2rem;\">Gift voucher request<\/span><\/h1>\n<p>[\/vc_column_text]<div class=\"wpforms-container wpforms-container-full\" id=\"wpforms-8321\"><form method=\"post\" enctype=\"multipart\/form-data\" id=\"wpforms-form-8321\" action=\"\/en\/wp-json\/wp\/v2\/pages\/8319#wpforms-8321\" class=\"wpforms-validate wpforms-form\" data-formid=\"8321\"><div class=\"wpforms-field-container\"><div id=\"wpforms-8321-field_3-container\" class=\"wpforms-field wpforms-field-name wpforms-one-half wpforms-first\" data-field-id=\"3\"><label class=\"wpforms-field-label\" for=\"wpforms-8321-field_3\">Your details <span class=\"wpforms-required-label\">*<\/span><\/label><div class=\"wpforms-field-row wpforms-field-large\"><div class=\"wpforms-field-row-block wpforms-first wpforms-one-half\"><input type=\"text\" id=\"wpforms-8321-field_3\" class=\"wpforms-field-name-first wpforms-field-required\" name=\"wpforms[fields][3][first]\" required><label for=\"wpforms-8321-field_3\" class=\"wpforms-field-sublabel after \">First<\/label><\/div><div class=\"wpforms-field-row-block wpforms-one-half\"><input type=\"text\" id=\"wpforms-8321-field_3-last\" class=\"wpforms-field-name-last wpforms-field-required\" name=\"wpforms[fields][3][last]\" required><label for=\"wpforms-8321-field_3-last\" class=\"wpforms-field-sublabel after \">Last<\/label><\/div><\/div><\/div><div id=\"wpforms-8321-field_12-container\" class=\"wpforms-field wpforms-field-phone wpforms-one-half\" data-field-id=\"12\"><label class=\"wpforms-field-label\" for=\"wpforms-8321-field_12\">Phone<\/label><input type=\"tel\" id=\"wpforms-8321-field_12\" class=\"wpforms-field-large\" name=\"wpforms[fields][12]\" ><\/div><div id=\"wpforms-8321-field_7-container\" class=\"wpforms-field wpforms-field-email\" data-field-id=\"7\"><label class=\"wpforms-field-label\" for=\"wpforms-8321-field_7\">Mail <span class=\"wpforms-required-label\">*<\/span><\/label><div class=\"wpforms-field-row wpforms-field-large\"><div class=\"wpforms-field-row-block wpforms-one-half wpforms-first\"><input type=\"email\" id=\"wpforms-8321-field_7\" class=\"wpforms-field-required wpforms-field-email-primary\" name=\"wpforms[fields][7][primary]\" required><label for=\"wpforms-8321-field_7\" class=\"wpforms-field-sublabel after \">Email<\/label><\/div><div class=\"wpforms-field-row-block wpforms-one-half\"><input type=\"email\" id=\"wpforms-8321-field_7-secondary\" class=\"wpforms-field-email-secondary wpforms-field-required\" data-rule-confirm=\"#wpforms-8321-field_7\" name=\"wpforms[fields][7][secondary]\" required><label for=\"wpforms-8321-field_7-secondary\" class=\"wpforms-field-sublabel after \">Confirm Email<\/label><\/div><\/div><\/div><div id=\"wpforms-8321-field_15-container\" class=\"wpforms-field wpforms-field-select wpforms-one-half wpforms-first\" data-field-id=\"15\"><label class=\"wpforms-field-label\" for=\"wpforms-8321-field_15\">Gift<\/label><select name=\"wpforms[fields][15]\" id=\"wpforms-8321-field_15\" class=\"wpforms-field-large\"  ><option value=\"-\" >-<\/option><option value=\"T\u00eate \u00e0 t\u00eate (99 euros)\" >T\u00eate \u00e0 t\u00eate (99 euros)<\/option><option value=\"The Gourmet T\u00eate \u00e0 t\u00eate  (119 euros)\" >The Gourmet T\u00eate \u00e0 t\u00eate  (119 euros)<\/option><option value=\"Weekend au C\u00e8dre (258 euros)\" >Weekend au C\u00e8dre (258 euros)<\/option><option value=\"Weekend au C\u00e8dre + wine (296 euros)\" >Weekend au C\u00e8dre + wine (296 euros)<\/option><option value=\"Holiday discovery (382 euros)\" >Holiday discovery (382 euros)<\/option><option value=\"Vintage extravaganza (363 euros)\" >Vintage extravaganza (363 euros)<\/option><option value=\"Free amount gift (specify amount)\" >Free amount gift (specify amount)<\/option><\/select><\/div><div id=\"wpforms-8321-field_17-container\" class=\"wpforms-field wpforms-field-select wpforms-one-half wpforms-conditional-trigger\" data-field-id=\"17\"><label class=\"wpforms-field-label\" for=\"wpforms-8321-field_17\">Payment<\/label><select name=\"wpforms[fields][17]\" id=\"wpforms-8321-field_17\" class=\"wpforms-field-large\"  ><option value=\"-\" >-<\/option><option value=\"Credit card\" >Credit card<\/option><option value=\"Bank transfer\" >Bank transfer<\/option><\/select><\/div><div id=\"wpforms-8321-field_18-container\" class=\"wpforms-field wpforms-field-html wpforms-conditional-field wpforms-conditional-show\" data-field-id=\"18\" style=\"display:none;\"><div id=\"wpforms-8321-field_18\"><br><\/div><\/div><div id=\"wpforms-8321-field_19-container\" class=\"wpforms-field wpforms-field-html wpforms-conditional-field wpforms-conditional-show\" data-field-id=\"19\" style=\"display:none;\"><div id=\"wpforms-8321-field_19\">Our bank informations (IBAN & BIC) will be sent by email<\/div><\/div><div id=\"wpforms-8321-field_20-container\" class=\"wpforms-field wpforms-field-html wpforms-conditional-field wpforms-conditional-show\" data-field-id=\"20\" style=\"display:none;\"><div id=\"wpforms-8321-field_20\">You'll receive an email from our bank to pay online.<\/div><\/div><div id=\"wpforms-8321-field_16-container\" class=\"wpforms-field wpforms-field-name\" data-field-id=\"16\"><label class=\"wpforms-field-label\" for=\"wpforms-8321-field_16\">Recipient <span class=\"wpforms-required-label\">*<\/span><\/label><div class=\"wpforms-field-row wpforms-field-large\"><div class=\"wpforms-field-row-block wpforms-first wpforms-one-half\"><input type=\"text\" id=\"wpforms-8321-field_16\" class=\"wpforms-field-name-first wpforms-field-required\" name=\"wpforms[fields][16][first]\" required><label for=\"wpforms-8321-field_16\" class=\"wpforms-field-sublabel after \">First<\/label><\/div><div class=\"wpforms-field-row-block wpforms-one-half\"><input type=\"text\" id=\"wpforms-8321-field_16-last\" class=\"wpforms-field-name-last wpforms-field-required\" name=\"wpforms[fields][16][last]\" required><label for=\"wpforms-8321-field_16-last\" class=\"wpforms-field-sublabel after \">Last<\/label><\/div><\/div><\/div><div id=\"wpforms-8321-field_14-container\" class=\"wpforms-field wpforms-field-textarea\" data-field-id=\"14\"><label class=\"wpforms-field-label\" for=\"wpforms-8321-field_14\">Any details?<\/label><textarea id=\"wpforms-8321-field_14\" class=\"wpforms-field-medium\" name=\"wpforms[fields][14]\" ><\/textarea><\/div><\/div><div class=\"wpforms-field wpforms-field-hp\" id=\"wpform-field-hp\"><label for=\"wpforms-field_hp\" class=\"wpforms-field-label\">Message<\/label><input type=\"text\" name=\"wpforms[hp]\" id=\"wpforms-field_hp\" class=\"wpforms-field-medium\"><\/div><div class=\"wpforms-submit-container\" ><input type=\"hidden\" name=\"wpforms[id]\" value=\"8321\"><input type=\"hidden\" name=\"wpforms[author]\" value=\"1\"><button type=\"submit\" name=\"wpforms[submit]\" class=\"wpforms-submit \" id=\"wpforms-submit-8321\" value=\"wpforms-submit\" data-alt-text=\"Sending...\">Request your voucher<\/button><\/div><\/form><\/div>[\/vc_column_inner][vc_column_inner offset=&#8221;vc_hidden-lg vc_hidden-md vc_hidden-sm vc_col-xs-12&#8243;][vc_column_text css=&#8221;.vc_custom_1541585394808{margin-top: 0px !important;margin-bottom: 0px !important;border-top-width: 0px !important;padding-top: 0px !important;padding-bottom: 0px !important;}&#8221;]<\/p>\n<h1><small><span style=\"color: #808080;\">Gift voucher request<\/span><\/small><\/h1>\n<p>[\/vc_column_text]<div class=\"wpforms-container wpforms-container-full\" id=\"wpforms-8321\"><form method=\"post\" enctype=\"multipart\/form-data\" id=\"wpforms-form-8321\" action=\"\/en\/wp-json\/wp\/v2\/pages\/8319#wpforms-8321\" class=\"wpforms-validate wpforms-form\" data-formid=\"8321\"><div class=\"wpforms-field-container\"><div id=\"wpforms-8321-field_3-container\" class=\"wpforms-field wpforms-field-name wpforms-one-half wpforms-first\" data-field-id=\"3\"><label class=\"wpforms-field-label\" for=\"wpforms-8321-field_3\">Your details <span class=\"wpforms-required-label\">*<\/span><\/label><div class=\"wpforms-field-row wpforms-field-large\"><div class=\"wpforms-field-row-block wpforms-first wpforms-one-half\"><input type=\"text\" id=\"wpforms-8321-field_3\" class=\"wpforms-field-name-first wpforms-field-required\" name=\"wpforms[fields][3][first]\" required><label for=\"wpforms-8321-field_3\" class=\"wpforms-field-sublabel after \">First<\/label><\/div><div class=\"wpforms-field-row-block wpforms-one-half\"><input type=\"text\" id=\"wpforms-8321-field_3-last\" class=\"wpforms-field-name-last wpforms-field-required\" name=\"wpforms[fields][3][last]\" required><label for=\"wpforms-8321-field_3-last\" class=\"wpforms-field-sublabel after \">Last<\/label><\/div><\/div><\/div><div id=\"wpforms-8321-field_12-container\" class=\"wpforms-field wpforms-field-phone wpforms-one-half\" data-field-id=\"12\"><label class=\"wpforms-field-label\" for=\"wpforms-8321-field_12\">Phone<\/label><input type=\"tel\" id=\"wpforms-8321-field_12\" class=\"wpforms-field-large\" name=\"wpforms[fields][12]\" ><\/div><div id=\"wpforms-8321-field_7-container\" class=\"wpforms-field wpforms-field-email\" data-field-id=\"7\"><label class=\"wpforms-field-label\" for=\"wpforms-8321-field_7\">Mail <span class=\"wpforms-required-label\">*<\/span><\/label><div class=\"wpforms-field-row wpforms-field-large\"><div class=\"wpforms-field-row-block wpforms-one-half wpforms-first\"><input type=\"email\" id=\"wpforms-8321-field_7\" class=\"wpforms-field-required wpforms-field-email-primary\" name=\"wpforms[fields][7][primary]\" required><label for=\"wpforms-8321-field_7\" class=\"wpforms-field-sublabel after \">Email<\/label><\/div><div class=\"wpforms-field-row-block wpforms-one-half\"><input type=\"email\" id=\"wpforms-8321-field_7-secondary\" class=\"wpforms-field-email-secondary wpforms-field-required\" data-rule-confirm=\"#wpforms-8321-field_7\" name=\"wpforms[fields][7][secondary]\" required><label for=\"wpforms-8321-field_7-secondary\" class=\"wpforms-field-sublabel after \">Confirm Email<\/label><\/div><\/div><\/div><div id=\"wpforms-8321-field_15-container\" class=\"wpforms-field wpforms-field-select wpforms-one-half wpforms-first\" data-field-id=\"15\"><label class=\"wpforms-field-label\" for=\"wpforms-8321-field_15\">Gift<\/label><select name=\"wpforms[fields][15]\" id=\"wpforms-8321-field_15\" class=\"wpforms-field-large\"  ><option value=\"-\" >-<\/option><option value=\"T\u00eate \u00e0 t\u00eate (99 euros)\" >T\u00eate \u00e0 t\u00eate (99 euros)<\/option><option value=\"The Gourmet T\u00eate \u00e0 t\u00eate  (119 euros)\" >The Gourmet T\u00eate \u00e0 t\u00eate  (119 euros)<\/option><option value=\"Weekend au C\u00e8dre (258 euros)\" >Weekend au C\u00e8dre (258 euros)<\/option><option value=\"Weekend au C\u00e8dre + wine (296 euros)\" >Weekend au C\u00e8dre + wine (296 euros)<\/option><option value=\"Holiday discovery (382 euros)\" >Holiday discovery (382 euros)<\/option><option value=\"Vintage extravaganza (363 euros)\" >Vintage extravaganza (363 euros)<\/option><option value=\"Free amount gift (specify amount)\" >Free amount gift (specify amount)<\/option><\/select><\/div><div id=\"wpforms-8321-field_17-container\" class=\"wpforms-field wpforms-field-select wpforms-one-half wpforms-conditional-trigger\" data-field-id=\"17\"><label class=\"wpforms-field-label\" for=\"wpforms-8321-field_17\">Payment<\/label><select name=\"wpforms[fields][17]\" id=\"wpforms-8321-field_17\" class=\"wpforms-field-large\"  ><option value=\"-\" >-<\/option><option value=\"Credit card\" >Credit card<\/option><option value=\"Bank transfer\" >Bank transfer<\/option><\/select><\/div><div id=\"wpforms-8321-field_18-container\" class=\"wpforms-field wpforms-field-html wpforms-conditional-field wpforms-conditional-show\" data-field-id=\"18\" style=\"display:none;\"><div id=\"wpforms-8321-field_18\"><br><\/div><\/div><div id=\"wpforms-8321-field_19-container\" class=\"wpforms-field wpforms-field-html wpforms-conditional-field wpforms-conditional-show\" data-field-id=\"19\" style=\"display:none;\"><div id=\"wpforms-8321-field_19\">Our bank informations (IBAN & BIC) will be sent by email<\/div><\/div><div id=\"wpforms-8321-field_20-container\" class=\"wpforms-field wpforms-field-html wpforms-conditional-field wpforms-conditional-show\" data-field-id=\"20\" style=\"display:none;\"><div id=\"wpforms-8321-field_20\">You'll receive an email from our bank to pay online.<\/div><\/div><div id=\"wpforms-8321-field_16-container\" class=\"wpforms-field wpforms-field-name\" data-field-id=\"16\"><label class=\"wpforms-field-label\" for=\"wpforms-8321-field_16\">Recipient <span class=\"wpforms-required-label\">*<\/span><\/label><div class=\"wpforms-field-row wpforms-field-large\"><div class=\"wpforms-field-row-block wpforms-first wpforms-one-half\"><input type=\"text\" id=\"wpforms-8321-field_16\" class=\"wpforms-field-name-first wpforms-field-required\" name=\"wpforms[fields][16][first]\" required><label for=\"wpforms-8321-field_16\" class=\"wpforms-field-sublabel after \">First<\/label><\/div><div class=\"wpforms-field-row-block wpforms-one-half\"><input type=\"text\" id=\"wpforms-8321-field_16-last\" class=\"wpforms-field-name-last wpforms-field-required\" name=\"wpforms[fields][16][last]\" required><label for=\"wpforms-8321-field_16-last\" class=\"wpforms-field-sublabel after \">Last<\/label><\/div><\/div><\/div><div id=\"wpforms-8321-field_14-container\" class=\"wpforms-field wpforms-field-textarea\" data-field-id=\"14\"><label class=\"wpforms-field-label\" for=\"wpforms-8321-field_14\">Any details?<\/label><textarea id=\"wpforms-8321-field_14\" class=\"wpforms-field-medium\" name=\"wpforms[fields][14]\" ><\/textarea><\/div><\/div><div class=\"wpforms-field wpforms-field-hp\" id=\"wpform-field-hp\"><label for=\"wpforms-field_hp\" class=\"wpforms-field-label\">Comment<\/label><input type=\"text\" name=\"wpforms[hp]\" id=\"wpforms-field_hp\" class=\"wpforms-field-medium\"><\/div><div class=\"wpforms-submit-container\" ><input type=\"hidden\" name=\"wpforms[id]\" value=\"8321\"><input type=\"hidden\" name=\"wpforms[author]\" value=\"1\"><button type=\"submit\" name=\"wpforms[submit]\" class=\"wpforms-submit \" id=\"wpforms-submit-8321\" value=\"wpforms-submit\" data-alt-text=\"Sending...\">Request your voucher<\/button><\/div><\/form><\/div>[\/vc_column_inner][\/vc_row_inner][\/vc_column][vc_column width=&#8221;1\/12&#8243; offset=&#8221;vc_col-lg-6 vc_col-md-4 vc_col-xs-12 vc_hidden-xs&#8221;][\/vc_column][\/vc_row]<\/p>\n<\/div>","protected":false},"excerpt":{"rendered":"<p>[vc_row full_width=&#8221;stretch_row_content_no_spaces&#8221; full_height=&#8221;yes&#8221; columns_placement=&#8221;top&#8221; equal_height=&#8221;yes&#8221; content_placement=&#8221;middle&#8221; css=&#8221;.vc_custom_1532510287367{background-image: url(http:\/\/auberge-du-cedre.com\/wp-content\/uploads\/2018\/06\/hotel-restaurant-pic-saint-loup-auberge-du-cedre-2a.jpg?id=3680) !important;background-position: center !important;background-repeat: no-repeat !important;background-size: cover !important;}&#8221;][vc_column width=&#8221;1\/12&#8243; offset=&#8221;vc_col-lg-1 vc_col-md-1 vc_hidden-xs&#8221;][\/vc_column][vc_column width=&#8221;5\/6&#8243; css=&#8221;.vc_custom_1532439148100{margin-top: 0px !important;margin-right: 0px !important;margin-bottom: 0px !important;margin-left: 0px !important;border-top-width: 0px !important;border-right-width: 0px !important;border-bottom-width: 0px !important;border-left-width: 0px !important;padding-top: 0px !important;padding-right: 0px !important;padding-bottom: 0px !important;padding-left: 0px !important;}&#8221; offset=&#8221;vc_col-lg-5 vc_col-md-7 vc_col-xs-12&#8243;][vc_row_inner css=&#8221;.vc_custom_1532439219078{margin-top: 20px !important;margin-right: 0px !important;margin-bottom: 20px !important;margin-left: [&hellip;]<\/p>\n","protected":false},"author":1,"featured_media":0,"parent":0,"menu_order":0,"comment_status":"closed","ping_status":"closed","template":"","meta":{"footnotes":""},"class_list":["post-8319","page","type-page","status-publish","hentry"],"yoast_head":"<!-- This site is optimized with the Yoast SEO plugin v27.5 - https:\/\/yoast.com\/product\/yoast-seo-wordpress\/ -->\n<title>Gift voucher request - Auberge du C\u00e8dre | H\u00f4tel &amp; Restaurant en Pic Saint-Loup<\/title>\n<meta name=\"robots\" content=\"index, follow, max-snippet:-1, max-image-preview:large, max-video-preview:-1\" \/>\n<link rel=\"canonical\" href=\"https:\/\/auberge-du-cedre.com\/en\/gift-voucher-request\/\" \/>\n<meta property=\"og:locale\" content=\"en_US\" \/>\n<meta property=\"og:type\" content=\"article\" \/>\n<meta property=\"og:title\" content=\"Gift voucher request - Auberge du C\u00e8dre | H\u00f4tel &amp; Restaurant en Pic Saint-Loup\" \/>\n<meta property=\"og:description\" content=\"[vc_row full_width=&#8221;stretch_row_content_no_spaces&#8221; full_height=&#8221;yes&#8221; columns_placement=&#8221;top&#8221; equal_height=&#8221;yes&#8221; content_placement=&#8221;middle&#8221; css=&#8221;.vc_custom_1532510287367{background-image: url(http:\/\/auberge-du-cedre.com\/wp-content\/uploads\/2018\/06\/hotel-restaurant-pic-saint-loup-auberge-du-cedre-2a.jpg?id=3680) !important;background-position: center !important;background-repeat: no-repeat !important;background-size: cover !important;}&#8221;][vc_column width=&#8221;1\/12&#8243; offset=&#8221;vc_col-lg-1 vc_col-md-1 vc_hidden-xs&#8221;][\/vc_column][vc_column width=&#8221;5\/6&#8243; css=&#8221;.vc_custom_1532439148100{margin-top: 0px !important;margin-right: 0px !important;margin-bottom: 0px !important;margin-left: 0px !important;border-top-width: 0px !important;border-right-width: 0px !important;border-bottom-width: 0px !important;border-left-width: 0px !important;padding-top: 0px !important;padding-right: 0px !important;padding-bottom: 0px !important;padding-left: 0px !important;}&#8221; offset=&#8221;vc_col-lg-5 vc_col-md-7 vc_col-xs-12&#8243;][vc_row_inner css=&#8221;.vc_custom_1532439219078{margin-top: 20px !important;margin-right: 0px !important;margin-bottom: 20px !important;margin-left: [&hellip;]\" \/>\n<meta property=\"og:url\" content=\"https:\/\/auberge-du-cedre.com\/en\/gift-voucher-request\/\" \/>\n<meta property=\"og:site_name\" content=\"Auberge du C\u00e8dre | H\u00f4tel &amp; Restaurant en Pic Saint-Loup\" \/>\n<meta property=\"article:publisher\" content=\"https:\/\/www.facebook.com\/aubergeducedre\" \/>\n<meta property=\"article:modified_time\" content=\"2018-12-11T14:05:21+00:00\" \/>\n<meta name=\"twitter:card\" content=\"summary_large_image\" \/>\n<meta name=\"twitter:label1\" content=\"Est. reading time\" \/>\n\t<meta name=\"twitter:data1\" content=\"2 minutes\" \/>\n<script type=\"application\/ld+json\" class=\"yoast-schema-graph\">{\"@context\":\"https:\\\/\\\/schema.org\",\"@graph\":[{\"@type\":\"WebPage\",\"@id\":\"https:\\\/\\\/auberge-du-cedre.com\\\/en\\\/gift-voucher-request\\\/\",\"url\":\"https:\\\/\\\/auberge-du-cedre.com\\\/en\\\/gift-voucher-request\\\/\",\"name\":\"Gift voucher request - Auberge du C\u00e8dre | H\u00f4tel &amp; Restaurant en Pic Saint-Loup\",\"isPartOf\":{\"@id\":\"https:\\\/\\\/auberge-du-cedre.com\\\/#website\"},\"datePublished\":\"2018-07-25T09:18:16+00:00\",\"dateModified\":\"2018-12-11T14:05:21+00:00\",\"breadcrumb\":{\"@id\":\"https:\\\/\\\/auberge-du-cedre.com\\\/en\\\/gift-voucher-request\\\/#breadcrumb\"},\"inLanguage\":\"en-US\",\"potentialAction\":[{\"@type\":\"ReadAction\",\"target\":[\"https:\\\/\\\/auberge-du-cedre.com\\\/en\\\/gift-voucher-request\\\/\"]}]},{\"@type\":\"BreadcrumbList\",\"@id\":\"https:\\\/\\\/auberge-du-cedre.com\\\/en\\\/gift-voucher-request\\\/#breadcrumb\",\"itemListElement\":[{\"@type\":\"ListItem\",\"position\":1,\"name\":\"Accueil\",\"item\":\"https:\\\/\\\/auberge-du-cedre.com\\\/en\\\/\"},{\"@type\":\"ListItem\",\"position\":2,\"name\":\"Gift voucher request\"}]},{\"@type\":\"WebSite\",\"@id\":\"https:\\\/\\\/auberge-du-cedre.com\\\/#website\",\"url\":\"https:\\\/\\\/auberge-du-cedre.com\\\/\",\"name\":\"Auberge du C\u00e8dre | H\u00f4tel &amp; Restaurant en Pic Saint-Loup\",\"description\":\"Languedoc\",\"potentialAction\":[{\"@type\":\"SearchAction\",\"target\":{\"@type\":\"EntryPoint\",\"urlTemplate\":\"https:\\\/\\\/auberge-du-cedre.com\\\/?s={search_term_string}\"},\"query-input\":{\"@type\":\"PropertyValueSpecification\",\"valueRequired\":true,\"valueName\":\"search_term_string\"}}],\"inLanguage\":\"en-US\"}]}<\/script>\n<!-- \/ Yoast SEO plugin. -->","yoast_head_json":{"title":"Gift voucher request - Auberge du C\u00e8dre | H\u00f4tel &amp; Restaurant en Pic Saint-Loup","robots":{"index":"index","follow":"follow","max-snippet":"max-snippet:-1","max-image-preview":"max-image-preview:large","max-video-preview":"max-video-preview:-1"},"canonical":"https:\/\/auberge-du-cedre.com\/en\/gift-voucher-request\/","og_locale":"en_US","og_type":"article","og_title":"Gift voucher request - Auberge du C\u00e8dre | H\u00f4tel &amp; Restaurant en Pic Saint-Loup","og_description":"[vc_row full_width=&#8221;stretch_row_content_no_spaces&#8221; full_height=&#8221;yes&#8221; columns_placement=&#8221;top&#8221; equal_height=&#8221;yes&#8221; content_placement=&#8221;middle&#8221; css=&#8221;.vc_custom_1532510287367{background-image: url(http:\/\/auberge-du-cedre.com\/wp-content\/uploads\/2018\/06\/hotel-restaurant-pic-saint-loup-auberge-du-cedre-2a.jpg?id=3680) !important;background-position: center !important;background-repeat: no-repeat !important;background-size: cover !important;}&#8221;][vc_column width=&#8221;1\/12&#8243; offset=&#8221;vc_col-lg-1 vc_col-md-1 vc_hidden-xs&#8221;][\/vc_column][vc_column width=&#8221;5\/6&#8243; css=&#8221;.vc_custom_1532439148100{margin-top: 0px !important;margin-right: 0px !important;margin-bottom: 0px !important;margin-left: 0px !important;border-top-width: 0px !important;border-right-width: 0px !important;border-bottom-width: 0px !important;border-left-width: 0px !important;padding-top: 0px !important;padding-right: 0px !important;padding-bottom: 0px !important;padding-left: 0px !important;}&#8221; offset=&#8221;vc_col-lg-5 vc_col-md-7 vc_col-xs-12&#8243;][vc_row_inner css=&#8221;.vc_custom_1532439219078{margin-top: 20px !important;margin-right: 0px !important;margin-bottom: 20px !important;margin-left: [&hellip;]","og_url":"https:\/\/auberge-du-cedre.com\/en\/gift-voucher-request\/","og_site_name":"Auberge du C\u00e8dre | H\u00f4tel &amp; Restaurant en Pic Saint-Loup","article_publisher":"https:\/\/www.facebook.com\/aubergeducedre","article_modified_time":"2018-12-11T14:05:21+00:00","twitter_card":"summary_large_image","twitter_misc":{"Est. reading time":"2 minutes"},"schema":{"@context":"https:\/\/schema.org","@graph":[{"@type":"WebPage","@id":"https:\/\/auberge-du-cedre.com\/en\/gift-voucher-request\/","url":"https:\/\/auberge-du-cedre.com\/en\/gift-voucher-request\/","name":"Gift voucher request - Auberge du C\u00e8dre | H\u00f4tel &amp; Restaurant en Pic Saint-Loup","isPartOf":{"@id":"https:\/\/auberge-du-cedre.com\/#website"},"datePublished":"2018-07-25T09:18:16+00:00","dateModified":"2018-12-11T14:05:21+00:00","breadcrumb":{"@id":"https:\/\/auberge-du-cedre.com\/en\/gift-voucher-request\/#breadcrumb"},"inLanguage":"en-US","potentialAction":[{"@type":"ReadAction","target":["https:\/\/auberge-du-cedre.com\/en\/gift-voucher-request\/"]}]},{"@type":"BreadcrumbList","@id":"https:\/\/auberge-du-cedre.com\/en\/gift-voucher-request\/#breadcrumb","itemListElement":[{"@type":"ListItem","position":1,"name":"Accueil","item":"https:\/\/auberge-du-cedre.com\/en\/"},{"@type":"ListItem","position":2,"name":"Gift voucher request"}]},{"@type":"WebSite","@id":"https:\/\/auberge-du-cedre.com\/#website","url":"https:\/\/auberge-du-cedre.com\/","name":"Auberge du C\u00e8dre | H\u00f4tel &amp; Restaurant en Pic Saint-Loup","description":"Languedoc","potentialAction":[{"@type":"SearchAction","target":{"@type":"EntryPoint","urlTemplate":"https:\/\/auberge-du-cedre.com\/?s={search_term_string}"},"query-input":{"@type":"PropertyValueSpecification","valueRequired":true,"valueName":"search_term_string"}}],"inLanguage":"en-US"}]}},"_links":{"self":[{"href":"https:\/\/auberge-du-cedre.com\/en\/wp-json\/wp\/v2\/pages\/8319","targetHints":{"allow":["GET"]}}],"collection":[{"href":"https:\/\/auberge-du-cedre.com\/en\/wp-json\/wp\/v2\/pages"}],"about":[{"href":"https:\/\/auberge-du-cedre.com\/en\/wp-json\/wp\/v2\/types\/page"}],"author":[{"embeddable":true,"href":"https:\/\/auberge-du-cedre.com\/en\/wp-json\/wp\/v2\/users\/1"}],"replies":[{"embeddable":true,"href":"https:\/\/auberge-du-cedre.com\/en\/wp-json\/wp\/v2\/comments?post=8319"}],"version-history":[{"count":4,"href":"https:\/\/auberge-du-cedre.com\/en\/wp-json\/wp\/v2\/pages\/8319\/revisions"}],"predecessor-version":[{"id":8813,"href":"https:\/\/auberge-du-cedre.com\/en\/wp-json\/wp\/v2\/pages\/8319\/revisions\/8813"}],"wp:attachment":[{"href":"https:\/\/auberge-du-cedre.com\/en\/wp-json\/wp\/v2\/media?parent=8319"}],"curies":[{"name":"wp","href":"https:\/\/api.w.org\/{rel}","templated":true}]}}